{"id":60,"date":"2024-04-15T11:13:10","date_gmt":"2024-04-15T11:13:10","guid":{"rendered":"https:\/\/dtcfeed.vn\/?post_type=product&#038;p=60"},"modified":"2024-04-16T10:50:51","modified_gmt":"2024-04-16T03:50:51","slug":"bot-gia-cam","status":"publish","type":"product","link":"https:\/\/dtcfeed.vn\/vi\/san-pham\/bot-gia-cam\/","title":{"rendered":"B\u1ed9t gia c\u1ea7m"},"content":{"rendered":"<p><strong>B\u1ed9t Gia C\u1ea7m<\/strong>\u00a0L\u00e0 m\u1ed9t nguy\u00ean li\u1ec7u quan tr\u1ecdng trong ng\u00e0nh s\u1ea3n xu\u1ea5t th\u1ee9c \u0103n th\u1ee7y s\u1ea3n.<\/p>\n<p>M\u00e0u n\u00e2u s\u00e1ng, m\u00f9i \u0111\u1eb7c tr\u01b0ng\u00a0c\u1ee7a s\u1ea3n ph\u1ea9m.<\/p>\n<p>Kh\u00f4ng c\u00f3 Salmonella, kh\u00f4ng c\u00f3 E.Coli.<\/p>\n<p>Kh\u00f4ng c\u00f3 Melamine.<\/p>\n<p><strong><em>C\u00f4ng d\u1ee5ng:<\/em><\/strong><\/p>\n<p>B\u1ed5 sung ch\u1ea5t \u0111\u1ea1m v\u00e0 axit amin nh\u1eb1m t\u0103ng kh\u1ea3 n\u0103ng t\u0103ng tr\u1ecdng v\u00e0 s\u1eed d\u1ee5ng th\u1ee9c \u0103n cho v\u1eadt nu\u00f4i.<\/p>\n<p>T\u0103ng s\u1ef1 h\u1ea5p d\u1eabn cho th\u1ee9c \u0103n, \u1ed5n \u0111\u1ecbnh m\u1ee9c ti\u00eau th\u1ee5 th\u1ee9c \u0103n.<\/p>\n<p><strong><em>Ch\u1ec9 ti\u00eau:<\/em><\/strong><\/p>\n<p>\u0110\u1ea1m (min): 65%<\/p>\n<p>\u0110\u1ed9 \u1ea9m (max): 10%<\/p>\n<p>B\u00e9o (max): 13%<\/p>\n<p>Tro (max): 9%<\/p>\n<p><strong><em>C\u00e1ch s\u1eed d\u1ee5ng v\u00e0 li\u1ec1u l\u01b0\u1ee3ng:<\/em><\/strong><\/p>\n<p>S\u1eed d\u1ee5ng l\u00e0m nguy\u00ean li\u1ec7u s\u1ea3n xu\u1ea5t\u00a0th\u1ee9c \u0103n th\u1ee7y s\u1ea3n.<\/p>\n<p><em>Qui c\u00e1ch:<\/em><em>\u00a0<\/em>H\u00e0ng x\u00e1<\/p>\n<p><em>H\u1ea1n d\u00f9ng:<\/em>\u00a012 th\u00e1ng<\/p>\n<p><em>Xu\u1ea5t x\u1ee9:<\/em><em>\u00a0<\/em>\u1ea2 R\u1eadp<\/p>\n<p>B\u00ean c\u1ea1nh s\u1ea3n ph\u1ea9m\u00a0<b>B\u1ed9t gia c\u1ea7m\u00a0<\/b>,<strong><em>DTC Vi\u1ec7t Nam<\/em><\/strong>\u00a0c\u00f2n cung c\u1ea5p c\u00e1c s\u1ea3n ph\u1ea9m kh\u00e1c nh\u01b0 :<strong>\u00a0B<\/strong><strong>\u1ed9t l\u00f4ng v\u0169<\/strong>\u00a0,\u00a0<strong>B\u1ed9t huy\u1ebft,\u00a0B\u1ed9t gia c\u1ea7m,\u00a0DDGS,B\u1ed9t c\u00e1<\/strong>\u2026.Ch\u00fang t\u00f4i t\u1ef1 h\u00e0o v\u1ec1 ch\u1ea5t l\u01b0\u1ee3ng v\u00e0 s\u1ef1 \u0111a d\u1ea1ng c\u1ee7a c\u00e1c s\u1ea3n ph\u1ea9m \u0111ang cung c\u1ea5p, nh\u1eb1m \u0111\u00e1p \u1ee9ng nhu c\u1ea7u thi\u1ebft y\u1ebfu c\u1ee7a qu\u00fd kh\u00e1ch h\u00e0ng gi\u00fap n\u00e2ng cao hi\u1ec7u qu\u1ea3 cho v\u1eadt nu\u00f4i.<\/p>\n<p><strong><em>H\u00e3y li\u00ean h\u1ec7 v\u1edbi DTC Vi\u1ec7t Nam \u0111\u1ec3 \u0111\u01b0\u1ee3c h\u1ed7 tr\u1ee3 t\u01b0 v\u1ea5n s\u1ea3n ph\u1ea9m mi\u1ec5n ph\u00ed!<\/em><\/strong><\/p>\n","protected":false},"excerpt":{"rendered":"<p>B\u1ed9t Gia C\u1ea7m\u00a0L\u00e0 m\u1ed9t nguy\u00ean li\u1ec7u quan tr\u1ecdng trong ng\u00e0nh s\u1ea3n xu\u1ea5t th\u1ee9c \u0103n th\u1ee7y s\u1ea3n. M\u00e0u n\u00e2u s\u00e1ng, m\u00f9i \u0111\u1eb7c tr\u01b0ng\u00a0c\u1ee7a s\u1ea3n ph\u1ea9m. Kh\u00f4ng c\u00f3 Salmonella, kh\u00f4ng c\u00f3 E.Coli. Kh\u00f4ng c\u00f3 Melamine. C\u00f4ng d\u1ee5ng: B\u1ed5 sung ch\u1ea5t \u0111\u1ea1m v\u00e0 axit amin nh\u1eb1m t\u0103ng kh\u1ea3 n\u0103ng t\u0103ng tr\u1ecdng v\u00e0 s\u1eed d\u1ee5ng th\u1ee9c \u0103n cho v\u1eadt [&hellip;]<\/p>\n","protected":false},"featured_media":54,"comment_status":"open","ping_status":"closed","template":"","meta":{"_acf_changed":false},"product_cat":[16],"product_tag":[],"class_list":{"0":"post-60","1":"product","2":"type-product","3":"status-publish","4":"has-post-thumbnail","6":"product_cat-nguyen-lieu-thuc-an-chan-nuoi","8":"first","9":"instock","10":"shipping-taxable","11":"purchasable","12":"product-type-simple"},"acf":[],"yoast_head":"<!-- This site is optimized with the Yoast SEO plugin v22.4 - https:\/\/yoast.com\/wordpress\/plugins\/seo\/ -->\n<title>B\u1ed9t gia c\u1ea7m - DTC FOOD<\/title>\n<meta name=\"robots\" content=\"noindex, follow, max-snippet:-1, max-image-preview:large, max-video-preview:-1\" \/>\n<meta property=\"og:locale\" content=\"vi_VN\" \/>\n<meta property=\"og:type\" content=\"article\" \/>\n<meta property=\"og:title\" content=\"B\u1ed9t gia c\u1ea7m - DTC FOOD\" \/>\n<meta property=\"og:description\" content=\"B\u1ed9t Gia C\u1ea7m\u00a0L\u00e0 m\u1ed9t nguy\u00ean li\u1ec7u quan tr\u1ecdng trong ng\u00e0nh s\u1ea3n xu\u1ea5t th\u1ee9c \u0103n th\u1ee7y s\u1ea3n. M\u00e0u n\u00e2u s\u00e1ng, m\u00f9i \u0111\u1eb7c tr\u01b0ng\u00a0c\u1ee7a s\u1ea3n ph\u1ea9m. Kh\u00f4ng c\u00f3 Salmonella, kh\u00f4ng c\u00f3 E.Coli. Kh\u00f4ng c\u00f3 Melamine. C\u00f4ng d\u1ee5ng: B\u1ed5 sung ch\u1ea5t \u0111\u1ea1m v\u00e0 axit amin nh\u1eb1m t\u0103ng kh\u1ea3 n\u0103ng t\u0103ng tr\u1ecdng v\u00e0 s\u1eed d\u1ee5ng th\u1ee9c \u0103n cho v\u1eadt [&hellip;]\" \/>\n<meta property=\"og:url\" content=\"https:\/\/dtcfeed.vn\/vi\/san-pham\/bot-gia-cam\/\" \/>\n<meta property=\"og:site_name\" content=\"DTC FOOD\" \/>\n<meta property=\"article:modified_time\" content=\"2024-04-16T03:50:51+00:00\" \/>\n<meta property=\"og:image\" content=\"https:\/\/dtcfeed.vn\/wp-content\/uploads\/2024\/04\/bot-gia-cam.jpg\" \/>\n\t<meta property=\"og:image:width\" content=\"600\" \/>\n\t<meta property=\"og:image:height\" content=\"600\" \/>\n\t<meta property=\"og:image:type\" content=\"image\/jpeg\" \/>\n<meta name=\"twitter:card\" content=\"summary_large_image\" \/>\n<meta name=\"twitter:label1\" content=\"\u01af\u1edbc t\u00ednh th\u1eddi gian \u0111\u1ecdc\" \/>\n\t<meta name=\"twitter:data1\" content=\"2 ph\u00fat\" \/>\n<script type=\"application\/ld+json\" class=\"yoast-schema-graph\">{\"@context\":\"https:\/\/schema.org\",\"@graph\":[{\"@type\":\"WebPage\",\"@id\":\"https:\/\/dtcfeed.vn\/san-pham\/bot-gia-cam\/\",\"url\":\"https:\/\/dtcfeed.vn\/san-pham\/bot-gia-cam\/\",\"name\":\"B\u1ed9t gia c\u1ea7m - DTC FOOD\",\"isPartOf\":{\"@id\":\"https:\/\/dtcfeed.vn\/vi\/#website\"},\"primaryImageOfPage\":{\"@id\":\"https:\/\/dtcfeed.vn\/san-pham\/bot-gia-cam\/#primaryimage\"},\"image\":{\"@id\":\"https:\/\/dtcfeed.vn\/san-pham\/bot-gia-cam\/#primaryimage\"},\"thumbnailUrl\":\"https:\/\/dtcfeed.vn\/wp-content\/uploads\/2024\/04\/bot-gia-cam.jpg\",\"datePublished\":\"2024-04-15T11:13:10+00:00\",\"dateModified\":\"2024-04-16T03:50:51+00:00\",\"breadcrumb\":{\"@id\":\"https:\/\/dtcfeed.vn\/san-pham\/bot-gia-cam\/#breadcrumb\"},\"inLanguage\":\"vi\",\"potentialAction\":[{\"@type\":\"ReadAction\",\"target\":[\"https:\/\/dtcfeed.vn\/san-pham\/bot-gia-cam\/\"]}]},{\"@type\":\"ImageObject\",\"inLanguage\":\"vi\",\"@id\":\"https:\/\/dtcfeed.vn\/san-pham\/bot-gia-cam\/#primaryimage\",\"url\":\"https:\/\/dtcfeed.vn\/wp-content\/uploads\/2024\/04\/bot-gia-cam.jpg\",\"contentUrl\":\"https:\/\/dtcfeed.vn\/wp-content\/uploads\/2024\/04\/bot-gia-cam.jpg\",\"width\":600,\"height\":600},{\"@type\":\"BreadcrumbList\",\"@id\":\"https:\/\/dtcfeed.vn\/san-pham\/bot-gia-cam\/#breadcrumb\",\"itemListElement\":[{\"@type\":\"ListItem\",\"position\":1,\"name\":\"Trang ch\u1ee7\",\"item\":\"https:\/\/dtcfeed.vn\/vi\/\"},{\"@type\":\"ListItem\",\"position\":2,\"name\":\"C\u1eeda h\u00e0ng\",\"item\":\"https:\/\/dtcfeed.vn\/vi\/cua-hang\/\"},{\"@type\":\"ListItem\",\"position\":3,\"name\":\"B\u1ed9t gia c\u1ea7m\"}]},{\"@type\":\"WebSite\",\"@id\":\"https:\/\/dtcfeed.vn\/vi\/#website\",\"url\":\"https:\/\/dtcfeed.vn\/vi\/\",\"name\":\"DTC FOOD\",\"description\":\"DTC Food Ph\u00e2n Ph\u1ed1i Nguy\u00ean Li\u1ec7u L\u00e0m Th\u1ee9c \u0102n Ch\u0103n Nu\u00f4i\",\"publisher\":{\"@id\":\"https:\/\/dtcfeed.vn\/vi\/#organization\"},\"potentialAction\":[{\"@type\":\"SearchAction\",\"target\":{\"@type\":\"EntryPoint\",\"urlTemplate\":\"https:\/\/dtcfeed.vn\/vi\/?s={search_term_string}\"},\"query-input\":\"required name=search_term_string\"}],\"inLanguage\":\"vi\"},{\"@type\":\"Organization\",\"@id\":\"https:\/\/dtcfeed.vn\/vi\/#organization\",\"name\":\"DTC FOOD\",\"url\":\"https:\/\/dtcfeed.vn\/vi\/\",\"logo\":{\"@type\":\"ImageObject\",\"inLanguage\":\"vi\",\"@id\":\"https:\/\/dtcfeed.vn\/vi\/#\/schema\/logo\/image\/\",\"url\":\"https:\/\/dtcfeed.vn\/wp-content\/uploads\/2024\/04\/logo-DTC-02-2.png\",\"contentUrl\":\"https:\/\/dtcfeed.vn\/wp-content\/uploads\/2024\/04\/logo-DTC-02-2.png\",\"width\":3509,\"height\":984,\"caption\":\"DTC FOOD\"},\"image\":{\"@id\":\"https:\/\/dtcfeed.vn\/vi\/#\/schema\/logo\/image\/\"}}]}<\/script>\n<!-- \/ Yoast SEO plugin. -->","yoast_head_json":{"title":"B\u1ed9t gia c\u1ea7m - DTC FOOD","robots":{"index":"noindex","follow":"follow","max-snippet":"max-snippet:-1","max-image-preview":"max-image-preview:large","max-video-preview":"max-video-preview:-1"},"og_locale":"vi_VN","og_type":"article","og_title":"B\u1ed9t gia c\u1ea7m - DTC FOOD","og_description":"B\u1ed9t Gia C\u1ea7m\u00a0L\u00e0 m\u1ed9t nguy\u00ean li\u1ec7u quan tr\u1ecdng trong ng\u00e0nh s\u1ea3n xu\u1ea5t th\u1ee9c \u0103n th\u1ee7y s\u1ea3n. M\u00e0u n\u00e2u s\u00e1ng, m\u00f9i \u0111\u1eb7c tr\u01b0ng\u00a0c\u1ee7a s\u1ea3n ph\u1ea9m. Kh\u00f4ng c\u00f3 Salmonella, kh\u00f4ng c\u00f3 E.Coli. Kh\u00f4ng c\u00f3 Melamine. C\u00f4ng d\u1ee5ng: B\u1ed5 sung ch\u1ea5t \u0111\u1ea1m v\u00e0 axit amin nh\u1eb1m t\u0103ng kh\u1ea3 n\u0103ng t\u0103ng tr\u1ecdng v\u00e0 s\u1eed d\u1ee5ng th\u1ee9c \u0103n cho v\u1eadt [&hellip;]","og_url":"https:\/\/dtcfeed.vn\/vi\/san-pham\/bot-gia-cam\/","og_site_name":"DTC FOOD","article_modified_time":"2024-04-16T03:50:51+00:00","og_image":[{"width":600,"height":600,"url":"https:\/\/dtcfeed.vn\/wp-content\/uploads\/2024\/04\/bot-gia-cam.jpg","type":"image\/jpeg"}],"twitter_card":"summary_large_image","twitter_misc":{"\u01af\u1edbc t\u00ednh th\u1eddi gian \u0111\u1ecdc":"2 ph\u00fat"},"schema":{"@context":"https:\/\/schema.org","@graph":[{"@type":"WebPage","@id":"https:\/\/dtcfeed.vn\/san-pham\/bot-gia-cam\/","url":"https:\/\/dtcfeed.vn\/san-pham\/bot-gia-cam\/","name":"B\u1ed9t gia c\u1ea7m - DTC FOOD","isPartOf":{"@id":"https:\/\/dtcfeed.vn\/vi\/#website"},"primaryImageOfPage":{"@id":"https:\/\/dtcfeed.vn\/san-pham\/bot-gia-cam\/#primaryimage"},"image":{"@id":"https:\/\/dtcfeed.vn\/san-pham\/bot-gia-cam\/#primaryimage"},"thumbnailUrl":"https:\/\/dtcfeed.vn\/wp-content\/uploads\/2024\/04\/bot-gia-cam.jpg","datePublished":"2024-04-15T11:13:10+00:00","dateModified":"2024-04-16T03:50:51+00:00","breadcrumb":{"@id":"https:\/\/dtcfeed.vn\/san-pham\/bot-gia-cam\/#breadcrumb"},"inLanguage":"vi","potentialAction":[{"@type":"ReadAction","target":["https:\/\/dtcfeed.vn\/san-pham\/bot-gia-cam\/"]}]},{"@type":"ImageObject","inLanguage":"vi","@id":"https:\/\/dtcfeed.vn\/san-pham\/bot-gia-cam\/#primaryimage","url":"https:\/\/dtcfeed.vn\/wp-content\/uploads\/2024\/04\/bot-gia-cam.jpg","contentUrl":"https:\/\/dtcfeed.vn\/wp-content\/uploads\/2024\/04\/bot-gia-cam.jpg","width":600,"height":600},{"@type":"BreadcrumbList","@id":"https:\/\/dtcfeed.vn\/san-pham\/bot-gia-cam\/#breadcrumb","itemListElement":[{"@type":"ListItem","position":1,"name":"Trang ch\u1ee7","item":"https:\/\/dtcfeed.vn\/vi\/"},{"@type":"ListItem","position":2,"name":"C\u1eeda h\u00e0ng","item":"https:\/\/dtcfeed.vn\/vi\/cua-hang\/"},{"@type":"ListItem","position":3,"name":"B\u1ed9t gia c\u1ea7m"}]},{"@type":"WebSite","@id":"https:\/\/dtcfeed.vn\/vi\/#website","url":"https:\/\/dtcfeed.vn\/vi\/","name":"DTC FOOD","description":"DTC Food Ph\u00e2n Ph\u1ed1i Nguy\u00ean Li\u1ec7u L\u00e0m Th\u1ee9c \u0102n Ch\u0103n Nu\u00f4i","publisher":{"@id":"https:\/\/dtcfeed.vn\/vi\/#organization"},"potentialAction":[{"@type":"SearchAction","target":{"@type":"EntryPoint","urlTemplate":"https:\/\/dtcfeed.vn\/vi\/?s={search_term_string}"},"query-input":"required name=search_term_string"}],"inLanguage":"vi"},{"@type":"Organization","@id":"https:\/\/dtcfeed.vn\/vi\/#organization","name":"DTC FOOD","url":"https:\/\/dtcfeed.vn\/vi\/","logo":{"@type":"ImageObject","inLanguage":"vi","@id":"https:\/\/dtcfeed.vn\/vi\/#\/schema\/logo\/image\/","url":"https:\/\/dtcfeed.vn\/wp-content\/uploads\/2024\/04\/logo-DTC-02-2.png","contentUrl":"https:\/\/dtcfeed.vn\/wp-content\/uploads\/2024\/04\/logo-DTC-02-2.png","width":3509,"height":984,"caption":"DTC FOOD"},"image":{"@id":"https:\/\/dtcfeed.vn\/vi\/#\/schema\/logo\/image\/"}}]}},"_links":{"self":[{"href":"https:\/\/dtcfeed.vn\/vi\/wp-json\/wp\/v2\/product\/60","targetHints":{"allow":["GET"]}}],"collection":[{"href":"https:\/\/dtcfeed.vn\/vi\/wp-json\/wp\/v2\/product"}],"about":[{"href":"https:\/\/dtcfeed.vn\/vi\/wp-json\/wp\/v2\/types\/product"}],"replies":[{"embeddable":true,"href":"https:\/\/dtcfeed.vn\/vi\/wp-json\/wp\/v2\/comments?post=60"}],"wp:featuredmedia":[{"embeddable":true,"href":"https:\/\/dtcfeed.vn\/vi\/wp-json\/wp\/v2\/media\/54"}],"wp:attachment":[{"href":"https:\/\/dtcfeed.vn\/vi\/wp-json\/wp\/v2\/media?parent=60"}],"wp:term":[{"taxonomy":"product_cat","embeddable":true,"href":"https:\/\/dtcfeed.vn\/vi\/wp-json\/wp\/v2\/product_cat?post=60"},{"taxonomy":"product_tag","embeddable":true,"href":"https:\/\/dtcfeed.vn\/vi\/wp-json\/wp\/v2\/product_tag?post=60"}],"curies":[{"name":"wp","href":"https:\/\/api.w.org\/{rel}","templated":true}]}}