{"id":62,"date":"2024-04-15T11:14:27","date_gmt":"2024-04-15T11:14:27","guid":{"rendered":"https:\/\/dtcfeed.vn\/?post_type=product&#038;p=62"},"modified":"2024-04-16T10:49:35","modified_gmt":"2024-04-16T03:49:35","slug":"bot-ca","status":"publish","type":"product","link":"https:\/\/dtcfeed.vn\/en\/product\/bot-ca\/","title":{"rendered":"B\u1ed9t c\u00e1"},"content":{"rendered":"<p><strong>B\u1ed9t C\u00e1<\/strong>\u00a0l\u00e0 m\u1ed9t lo\u1ea1i s\u1ea3n \u0111\u01b0\u1ee3c ch\u1ebf bi\u1ebfn t\u1eeb th\u1ecbt c\u00e1,c\u00e1 t\u1ea1p, c\u00e1 nguy\u00ean con, \u0111\u1ea7u v\u00e0 x\u01b0\u01a1ng c\u00e1 hay c\u00e1c ph\u1ee5 ph\u1ea9m kh\u00e1c t\u1eeb qu\u00e1 tr\u00ecnh ch\u1ebf bi\u1ebfn c\u00e1.<\/p>\n<p><strong>B\u1ed9t C\u00e1<\/strong>\u00a0l\u00e0 s\u1ea3n ph\u1ea9m gi\u00e0u \u0111\u1ea1m, \u0110\u1ea1m c\u1ee7a b\u1ed9t c\u00e1 bi\u1ec3n l\u00e0 \u0111\u1ea1m ho\u00e0n h\u1ea3o, v\u00ec ch\u00fang ch\u1ee9a \u0111\u1ee7 c\u00e1c axit amin kh\u00f4ng thay th\u1ebf v\u00e0 c\u00f3 t\u1ec9 l\u1ec7 c\u00e2n \u0111\u1ed1i v\u1edbi c\u00e1c axit amin. B\u1ed9t c\u00e1 bi\u1ec3n c\u00f3 h\u1ec7 s\u1ed1 ti\u00eau h\u00f3a cao b\u1ee1i l\u1ebd ch\u1ee9a nhi\u1ec1u \u0111\u1ea1m d\u1ec5 h\u00f2a tan v\u00e0 h\u1ea5p thu.<\/p>\n<p><a href=\"https:\/\/vietmyfeed.com\/san-pham\/bot-xuong-thit\/\"><img fetchpriority=\"high\" decoding=\"async\" class=\"alignnone wp-image-73\" src=\"https:\/\/vietmyfeed.com\/wp-content\/uploads\/2018\/03\/bot-ca-vietmyfeed.jpg\" width=\"713\" height=\"446\" \/><\/a><\/p>\n<p>Ch\u1ea5t l\u01b0\u1ee3ng v\u00e0 th\u00e0nh ph\u1ea7n dinh d\u01b0\u1ee1ng trong<strong>\u00a0b\u1ed9t c\u00e1\u00a0<\/strong>\u00a0\u0111\u01b0\u1ee3c Hi\u1ec7p h\u1ed9i s\u1ea3n xu\u1ea5t th\u1ee9c \u0103n (AAFCO) quy \u0111\u1ecbnh nh\u01b0 sau:<\/p>\n<div>\n<h1>B\u1ed9t C\u00e1 lo\u1ea1i 60% \u0111\u1ea1m<\/h1>\n<div class=\"DetailC\">\n<table border=\"1\" cellspacing=\"0\" cellpadding=\"0\" align=\"center\">\n<tbody>\n<tr>\n<td colspan=\"2\"><strong>\u00a0Fish Meal (60Protein)<\/strong><\/td>\n<\/tr>\n<tr>\n<td><strong>\u00a0Parameters<\/strong><\/td>\n<td><strong>\u00a0Specifications<\/strong><\/td>\n<\/tr>\n<tr>\n<td>\u00a0Protein<\/td>\n<td>\u00a060% Min<\/td>\n<\/tr>\n<tr>\n<td>\u00a0Fat<\/td>\n<td>\u00a010% Max<\/td>\n<\/tr>\n<tr>\n<td>\u00a0Moisture<\/td>\n<td>\u00a010% Max<\/td>\n<\/tr>\n<tr>\n<td>\u00a0Sand &amp; Silica<\/td>\n<td>\u00a0 2% Max<\/td>\n<\/tr>\n<tr>\n<td>\u00a0Ash<\/td>\n<td>\u00a020% Max<\/td>\n<\/tr>\n<tr>\n<td>\u00a0Acid value<\/td>\n<td>\u00a025-30% Max<\/td>\n<\/tr>\n<tr>\n<td>\u00a0TVBN<\/td>\n<td>\u00a0150 mg\/100g Max<\/td>\n<\/tr>\n<tr>\n<td>\u00a0Histamine<\/td>\n<td>\u00a0500 ppm. Max<\/td>\n<\/tr>\n<\/tbody>\n<\/table>\n<\/div>\n<\/div>\n<div>\n<h1>B\u1ed9t c\u00e1 lo\u1ea1i 62% \u0111\u1ea1m<\/h1>\n<div><\/div>\n<table border=\"1\" cellspacing=\"0\" cellpadding=\"0\">\n<tbody>\n<tr>\n<td colspan=\"2\"><strong>Fish Meal (62Protein)<\/strong><\/td>\n<\/tr>\n<tr>\n<td><strong>\u00a0Parameters<\/strong><\/td>\n<td><strong>\u00a0Specifications<\/strong><\/td>\n<\/tr>\n<tr>\n<td>\u00a0Protein<\/td>\n<td>\u00a062% Min<\/td>\n<\/tr>\n<tr>\n<td>\u00a0Fat<\/td>\n<td>\u00a010% Max<\/td>\n<\/tr>\n<tr>\n<td>\u00a0Moisture<\/td>\n<td>\u00a010% Max<\/td>\n<\/tr>\n<tr>\n<td>\u00a0Sand &amp; Silica<\/td>\n<td>\u00a0 2% Max<\/td>\n<\/tr>\n<tr>\n<td>\u00a0Ash<\/td>\n<td>\u00a020 Max<\/td>\n<\/tr>\n<tr>\n<td>\u00a0Acid value<\/td>\n<td>\u00a025-30% Max<\/td>\n<\/tr>\n<tr>\n<td>\u00a0TVBN<\/td>\n<td>\u00a0140mg\/100g Max<\/td>\n<\/tr>\n<tr>\n<td>\u00a0Histamine<\/td>\n<td>\u00a0500 ppm. Max<\/td>\n<\/tr>\n<\/tbody>\n<\/table>\n<h1>B\u1ed9t C\u00e1 Lo\u1ea1i 64% \u0111\u1ea1m<\/h1>\n<table border=\"1\" cellspacing=\"0\" cellpadding=\"0\">\n<tbody>\n<tr>\n<td colspan=\"2\"><strong>Fish Meal (64% Protein)<\/strong><\/td>\n<\/tr>\n<tr>\n<td><strong>\u00a0Parameters<\/strong><\/td>\n<td><strong>\u00a0Specifications<\/strong><\/td>\n<\/tr>\n<tr>\n<td>\u00a0Protein<\/td>\n<td>\u00a064% Min<\/td>\n<\/tr>\n<tr>\n<td>\u00a0Fat<\/td>\n<td>\u00a010% Max<\/td>\n<\/tr>\n<tr>\n<td>\u00a0Moisture<\/td>\n<td>\u00a010% Max<\/td>\n<\/tr>\n<tr>\n<td>\u00a0Sand &amp; Silica<\/td>\n<td>\u00a02% Max<\/td>\n<\/tr>\n<tr>\n<td>\u00a0Ash<\/td>\n<td>\u00a020% Max<\/td>\n<\/tr>\n<tr>\n<td>\u00a0Acid value<\/td>\n<td>\u00a025-30% Max<\/td>\n<\/tr>\n<tr>\n<td>\u00a0TVBN<\/td>\n<td>\u00a0120 mg\/100g max<\/td>\n<\/tr>\n<tr>\n<td>\u00a0Histamine<\/td>\n<td>\u00a0500 ppm. Max<\/td>\n<\/tr>\n<\/tbody>\n<\/table>\n<h1>B\u1ed9t C\u00e1 Lo\u1ea1i 65% \u0111\u1ea1m<\/h1>\n<table border=\"1\" cellspacing=\"0\" cellpadding=\"0\">\n<tbody>\n<tr>\n<td colspan=\"2\"><strong>Fish Meal \u2013 B\u1ed9t C\u00e1 Lo\u1ea1i CD65 (65% Protein)<\/strong><\/td>\n<\/tr>\n<tr>\n<td><strong>\u00a0Parameters<\/strong><\/td>\n<td><strong>\u00a0Specifications<\/strong><\/td>\n<\/tr>\n<tr>\n<td>\u00a0Protein<\/td>\n<td>\u00a065% Min<\/td>\n<\/tr>\n<tr>\n<td>\u00a0Fat<\/td>\n<td>\u00a010% Max<\/td>\n<\/tr>\n<tr>\n<td>\u00a0Moisture<\/td>\n<td>\u00a010% Max<\/td>\n<\/tr>\n<tr>\n<td>\u00a0Sand &amp; Silica<\/td>\n<td>\u00a02% Max<\/td>\n<\/tr>\n<tr>\n<td>\u00a0Ash<\/td>\n<td>\u00a018% Max<\/td>\n<\/tr>\n<tr>\n<td>\u00a0Acid value<\/td>\n<td>\u00a025-30% Max<\/td>\n<\/tr>\n<tr>\n<td>\u00a0TVBN<\/td>\n<td>\u00a0110 mg\/100g max<\/td>\n<\/tr>\n<tr>\n<td>\u00a0Histamine<\/td>\n<td>\u00a0500 ppm. Max<\/td>\n<\/tr>\n<\/tbody>\n<\/table>\n<h1>B\u1ed9t C\u00e1 Lo\u1ea1i &gt;67% \u0111\u1ea1m<\/h1>\n<table border=\"1\" cellspacing=\"0\" cellpadding=\"0\">\n<tbody>\n<tr>\n<td colspan=\"2\">\n<div><strong>Fish CD67 Meal ( 67 % Protein)<\/strong><\/div>\n<\/td>\n<\/tr>\n<tr>\n<td><strong>\u00a0Parameters<\/strong><\/td>\n<td><strong>\u00a0Specifications<\/strong><\/td>\n<\/tr>\n<tr>\n<td>\u00a0Protein<\/td>\n<td>\n<div>\u00a0\u200b67 % Min<\/div>\n<\/td>\n<\/tr>\n<tr>\n<td>\u00a0Fat<\/td>\n<td>\u00a010 % Max<\/td>\n<\/tr>\n<tr>\n<td>\u00a0Moisture<\/td>\n<td>\u00a010 % Max<\/td>\n<\/tr>\n<tr>\n<td>\u00a0Sand &amp; Silica<\/td>\n<td>\n<div>\u00a0\u200b1 % Max<\/div>\n<\/td>\n<\/tr>\n<tr>\n<td>\u00a0Ash<\/td>\n<td>\u00a017 % Max<\/td>\n<\/tr>\n<tr>\n<td>\u00a0Acid value<\/td>\n<td>\u00a025-30% Max<\/td>\n<\/tr>\n<tr>\n<td>\u00a0TVBN<\/td>\n<td>\n<div>\u00a0\u200b100 mg\/100g Max<\/div>\n<\/td>\n<\/tr>\n<tr>\n<td>\u00a0Histamine<\/td>\n<td>\u00a0500 ppm. Max<\/td>\n<\/tr>\n<\/tbody>\n<\/table>\n<p>V\u1edbi vi\u1ec7c n\u1eafm b\u1eaft nhu c\u1ea7u c\u1ee7a th\u1ecb tr\u01b0\u1eddng, c\u0169ng nh\u01b0 mong mu\u1ed1n mang \u0111\u1ebfn cho kh\u00e1ch h\u00e0ng nh\u1eefng s\u1ea3n ph\u1ea9m t\u1ed1t nh\u1ea5t,\u00a0<strong><em>CTD Vi\u1ec7t Nam<\/em><\/strong>\u00a0lu\u00f4n kh\u00f4ng ng\u1eebng m\u1edf r\u1ed9ng m\u1ea1ng l\u01b0\u1edbi thu mua nh\u1eb1m t\u00ecm ki\u1ebfm nh\u00e0 cung c\u1ea5p s\u1ea3n ph\u1ea9m\u00a0<strong>b\u1ed9t c\u00e1<\/strong>\u00a0\u1edf Vi\u1ec7t Nam.\u00a0Hi\u1ec7n t\u1ea1i, ch\u00fang t\u00f4i \u0111ang cung c\u1ea5p\u00a0<strong>b\u1ed9t c\u00e1\u00a0<\/strong>Vi\u1ec7t Nam v\u1edbi h\u00e0m l\u01b0\u1ee3ng \u0111\u1ea1m \u0111\u1ea1t 67%,\u00a0ph\u00f9 h\u1ee3p \u0111\u1ec3 b\u1ed5 sung \u0111\u1ea1m v\u00e0 acidamin cho vi\u1ec7c s\u1ea3n xu\u1ea5t th\u1ee9c \u0103n gia s\u00fac.<\/p>\n<\/div>\n<div><strong>Quy c\u00e1ch \u0111\u00f3ng g\u00f3i b\u1ed9t c\u00e1<\/strong><\/div>\n<div><\/div>\n<table border=\"0\">\n<tbody>\n<tr>\n<td><\/td>\n<td>\u2013 Bao PP m\u00e0u tr\u1eafng ho\u1eb7c xanh l\u00e1 tr\u01a1n (kh\u00f4ng c\u00f3 th\u00f4ng tin tr\u00ean bao b\u00ec).<\/td>\n<\/tr>\n<tr>\n<td><\/td>\n<td>\u2013 50kg\/ 1 bao<\/td>\n<\/tr>\n<tr>\n<td><\/td>\n<td>\u2013 M\u1ed9t container kho\u1ea3n 20 \u2013 22 t\u1ea5n (\u0111\u1ed1i v\u1edbi container 20f)<\/td>\n<\/tr>\n<tr>\n<td><\/td>\n<td>\u2013 C\u00f3 th\u1ec3 \u0111\u00f3ng g\u00f3i theo y\u00eau c\u1ea7u c\u1ee7a kh\u00e1ch h\u00e0ng<\/td>\n<\/tr>\n<\/tbody>\n<\/table>\n<h2><strong>C\u00e1c s\u1ea3n ph\u1ea9m kh\u00e1c\u00a0<\/strong><\/h2>\n<p><strong>C\u00e1c s\u1ea3n ph\u1ea9m kh\u00e1c\u00a0<\/strong><\/p>\n<p>B\u00ean c\u1ea1nh s\u1ea3n ph\u1ea9m\u00a0<b>B\u1ed9t c\u00e1\u00a0<\/b>,\u00a0<strong><em>DTC Vi\u1ec7t Nam<\/em><\/strong>\u00a0c\u00f2n cung c\u1ea5p c\u00e1c s\u1ea3n ph\u1ea9m kh\u00e1c nh\u01b0 :<strong>\u00a0B<\/strong><strong>\u1ed9t l\u00f4ng v\u0169<\/strong>\u00a0,\u00a0<strong>B\u1ed9t huy\u1ebft,\u00a0B\u1ed9t gia c\u1ea7m,\u00a0DDGS,B\u1ed9t c\u00e1<\/strong>\u2026.Ch\u00fang t\u00f4i t\u1ef1 h\u00e0o v\u1ec1 ch\u1ea5t l\u01b0\u1ee3ng v\u00e0 s\u1ef1 \u0111a d\u1ea1ng c\u1ee7a c\u00e1c s\u1ea3n ph\u1ea9m \u0111ang cung c\u1ea5p, nh\u1eb1m \u0111\u00e1p \u1ee9ng nhu c\u1ea7u thi\u1ebft y\u1ebfu c\u1ee7a qu\u00fd kh\u00e1ch h\u00e0ng gi\u00fap n\u00e2ng cao hi\u1ec7u qu\u1ea3 cho v\u1eadt nu\u00f4i.<\/p>\n<p><strong><em>H\u00e3y li\u00ean h\u1ec7 v\u1edbi DTC Vi\u1ec7t Nam \u0111\u1ec3 \u0111\u01b0\u1ee3c h\u1ed7 tr\u1ee3 t\u01b0 v\u1ea5n s\u1ea3n ph\u1ea9m mi\u1ec5n ph\u00ed!<\/em><\/strong><\/p>","protected":false},"excerpt":{"rendered":"<p>B\u1ed9t C\u00e1\u00a0l\u00e0 m\u1ed9t lo\u1ea1i s\u1ea3n \u0111\u01b0\u1ee3c ch\u1ebf bi\u1ebfn t\u1eeb th\u1ecbt c\u00e1,c\u00e1 t\u1ea1p, c\u00e1 nguy\u00ean con, \u0111\u1ea7u v\u00e0 x\u01b0\u01a1ng c\u00e1 hay c\u00e1c ph\u1ee5 ph\u1ea9m kh\u00e1c t\u1eeb qu\u00e1 tr\u00ecnh ch\u1ebf bi\u1ebfn c\u00e1. B\u1ed9t C\u00e1\u00a0l\u00e0 s\u1ea3n ph\u1ea9m gi\u00e0u \u0111\u1ea1m, \u0110\u1ea1m c\u1ee7a b\u1ed9t c\u00e1 bi\u1ec3n l\u00e0 \u0111\u1ea1m ho\u00e0n h\u1ea3o, v\u00ec ch\u00fang ch\u1ee9a \u0111\u1ee7 c\u00e1c axit amin kh\u00f4ng thay th\u1ebf [&hellip;]<\/p>","protected":false},"featured_media":58,"comment_status":"open","ping_status":"closed","template":"","meta":{"_acf_changed":false},"product_cat":[16],"product_tag":[],"class_list":{"0":"post-62","1":"product","2":"type-product","3":"status-publish","4":"has-post-thumbnail","6":"product_cat-nguyen-lieu-thuc-an-chan-nuoi","8":"first","9":"instock","10":"shipping-taxable","11":"purchasable","12":"product-type-simple"},"acf":[],"yoast_head":"<!-- This site is optimized with the Yoast SEO plugin v22.4 - https:\/\/yoast.com\/wordpress\/plugins\/seo\/ -->\n<title>B\u1ed9t c\u00e1 - DTC FOOD<\/title>\n<meta name=\"robots\" content=\"noindex, follow, max-snippet:-1, max-image-preview:large, max-video-preview:-1\" \/>\n<meta property=\"og:locale\" content=\"en_US\" \/>\n<meta property=\"og:type\" content=\"article\" \/>\n<meta property=\"og:title\" content=\"B\u1ed9t c\u00e1 - DTC FOOD\" \/>\n<meta property=\"og:description\" content=\"B\u1ed9t C\u00e1\u00a0l\u00e0 m\u1ed9t lo\u1ea1i s\u1ea3n \u0111\u01b0\u1ee3c ch\u1ebf bi\u1ebfn t\u1eeb th\u1ecbt c\u00e1,c\u00e1 t\u1ea1p, c\u00e1 nguy\u00ean con, \u0111\u1ea7u v\u00e0 x\u01b0\u01a1ng c\u00e1 hay c\u00e1c ph\u1ee5 ph\u1ea9m kh\u00e1c t\u1eeb qu\u00e1 tr\u00ecnh ch\u1ebf bi\u1ebfn c\u00e1. B\u1ed9t C\u00e1\u00a0l\u00e0 s\u1ea3n ph\u1ea9m gi\u00e0u \u0111\u1ea1m, \u0110\u1ea1m c\u1ee7a b\u1ed9t c\u00e1 bi\u1ec3n l\u00e0 \u0111\u1ea1m ho\u00e0n h\u1ea3o, v\u00ec ch\u00fang ch\u1ee9a \u0111\u1ee7 c\u00e1c axit amin kh\u00f4ng thay th\u1ebf [&hellip;]\" \/>\n<meta property=\"og:url\" content=\"https:\/\/dtcfeed.vn\/en\/product\/bot-ca\/\" \/>\n<meta property=\"og:site_name\" content=\"DTC FOOD\" \/>\n<meta property=\"article:modified_time\" content=\"2024-04-16T03:49:35+00:00\" \/>\n<meta property=\"og:image\" content=\"https:\/\/dtcfeed.vn\/wp-content\/uploads\/2024\/04\/nha-may-san-xuat-bot-ca-co-vai-tro-the-nao-trong-chan-nuoi-2590-1.png\" \/>\n\t<meta property=\"og:image:width\" content=\"640\" \/>\n\t<meta property=\"og:image:height\" content=\"480\" \/>\n\t<meta property=\"og:image:type\" content=\"image\/png\" \/>\n<meta name=\"twitter:card\" content=\"summary_large_image\" \/>\n<meta name=\"twitter:label1\" content=\"Est. reading time\" \/>\n\t<meta name=\"twitter:data1\" content=\"4 minutes\" \/>\n<script type=\"application\/ld+json\" class=\"yoast-schema-graph\">{\"@context\":\"https:\/\/schema.org\",\"@graph\":[{\"@type\":\"WebPage\",\"@id\":\"https:\/\/dtcfeed.vn\/san-pham\/bot-ca\/\",\"url\":\"https:\/\/dtcfeed.vn\/san-pham\/bot-ca\/\",\"name\":\"B\u1ed9t c\u00e1 - DTC FOOD\",\"isPartOf\":{\"@id\":\"https:\/\/dtcfeed.vn\/vi\/#website\"},\"primaryImageOfPage\":{\"@id\":\"https:\/\/dtcfeed.vn\/san-pham\/bot-ca\/#primaryimage\"},\"image\":{\"@id\":\"https:\/\/dtcfeed.vn\/san-pham\/bot-ca\/#primaryimage\"},\"thumbnailUrl\":\"https:\/\/dtcfeed.vn\/wp-content\/uploads\/2024\/04\/nha-may-san-xuat-bot-ca-co-vai-tro-the-nao-trong-chan-nuoi-2590-1.png\",\"datePublished\":\"2024-04-15T11:14:27+00:00\",\"dateModified\":\"2024-04-16T03:49:35+00:00\",\"breadcrumb\":{\"@id\":\"https:\/\/dtcfeed.vn\/san-pham\/bot-ca\/#breadcrumb\"},\"inLanguage\":\"en-US\",\"potentialAction\":[{\"@type\":\"ReadAction\",\"target\":[\"https:\/\/dtcfeed.vn\/san-pham\/bot-ca\/\"]}]},{\"@type\":\"ImageObject\",\"inLanguage\":\"en-US\",\"@id\":\"https:\/\/dtcfeed.vn\/san-pham\/bot-ca\/#primaryimage\",\"url\":\"https:\/\/dtcfeed.vn\/wp-content\/uploads\/2024\/04\/nha-may-san-xuat-bot-ca-co-vai-tro-the-nao-trong-chan-nuoi-2590-1.png\",\"contentUrl\":\"https:\/\/dtcfeed.vn\/wp-content\/uploads\/2024\/04\/nha-may-san-xuat-bot-ca-co-vai-tro-the-nao-trong-chan-nuoi-2590-1.png\",\"width\":640,\"height\":480},{\"@type\":\"BreadcrumbList\",\"@id\":\"https:\/\/dtcfeed.vn\/san-pham\/bot-ca\/#breadcrumb\",\"itemListElement\":[{\"@type\":\"ListItem\",\"position\":1,\"name\":\"Trang ch\u1ee7\",\"item\":\"https:\/\/dtcfeed.vn\/vi\/\"},{\"@type\":\"ListItem\",\"position\":2,\"name\":\"C\u1eeda h\u00e0ng\",\"item\":\"https:\/\/dtcfeed.vn\/vi\/cua-hang\/\"},{\"@type\":\"ListItem\",\"position\":3,\"name\":\"B\u1ed9t c\u00e1\"}]},{\"@type\":\"WebSite\",\"@id\":\"https:\/\/dtcfeed.vn\/vi\/#website\",\"url\":\"https:\/\/dtcfeed.vn\/vi\/\",\"name\":\"DTC FOOD\",\"description\":\"DTC Food Ph\u00e2n Ph\u1ed1i Nguy\u00ean Li\u1ec7u L\u00e0m Th\u1ee9c \u0102n Ch\u0103n Nu\u00f4i\",\"publisher\":{\"@id\":\"https:\/\/dtcfeed.vn\/vi\/#organization\"},\"potentialAction\":[{\"@type\":\"SearchAction\",\"target\":{\"@type\":\"EntryPoint\",\"urlTemplate\":\"https:\/\/dtcfeed.vn\/vi\/?s={search_term_string}\"},\"query-input\":\"required name=search_term_string\"}],\"inLanguage\":\"en-US\"},{\"@type\":\"Organization\",\"@id\":\"https:\/\/dtcfeed.vn\/vi\/#organization\",\"name\":\"DTC FOOD\",\"url\":\"https:\/\/dtcfeed.vn\/vi\/\",\"logo\":{\"@type\":\"ImageObject\",\"inLanguage\":\"en-US\",\"@id\":\"https:\/\/dtcfeed.vn\/vi\/#\/schema\/logo\/image\/\",\"url\":\"https:\/\/dtcfeed.vn\/wp-content\/uploads\/2024\/04\/logo-DTC-02-2.png\",\"contentUrl\":\"https:\/\/dtcfeed.vn\/wp-content\/uploads\/2024\/04\/logo-DTC-02-2.png\",\"width\":3509,\"height\":984,\"caption\":\"DTC FOOD\"},\"image\":{\"@id\":\"https:\/\/dtcfeed.vn\/vi\/#\/schema\/logo\/image\/\"}}]}<\/script>\n<!-- \/ Yoast SEO plugin. -->","yoast_head_json":{"title":"B\u1ed9t c\u00e1 - DTC FOOD","robots":{"index":"noindex","follow":"follow","max-snippet":"max-snippet:-1","max-image-preview":"max-image-preview:large","max-video-preview":"max-video-preview:-1"},"og_locale":"en_US","og_type":"article","og_title":"B\u1ed9t c\u00e1 - DTC FOOD","og_description":"B\u1ed9t C\u00e1\u00a0l\u00e0 m\u1ed9t lo\u1ea1i s\u1ea3n \u0111\u01b0\u1ee3c ch\u1ebf bi\u1ebfn t\u1eeb th\u1ecbt c\u00e1,c\u00e1 t\u1ea1p, c\u00e1 nguy\u00ean con, \u0111\u1ea7u v\u00e0 x\u01b0\u01a1ng c\u00e1 hay c\u00e1c ph\u1ee5 ph\u1ea9m kh\u00e1c t\u1eeb qu\u00e1 tr\u00ecnh ch\u1ebf bi\u1ebfn c\u00e1. B\u1ed9t C\u00e1\u00a0l\u00e0 s\u1ea3n ph\u1ea9m gi\u00e0u \u0111\u1ea1m, \u0110\u1ea1m c\u1ee7a b\u1ed9t c\u00e1 bi\u1ec3n l\u00e0 \u0111\u1ea1m ho\u00e0n h\u1ea3o, v\u00ec ch\u00fang ch\u1ee9a \u0111\u1ee7 c\u00e1c axit amin kh\u00f4ng thay th\u1ebf [&hellip;]","og_url":"https:\/\/dtcfeed.vn\/en\/product\/bot-ca\/","og_site_name":"DTC FOOD","article_modified_time":"2024-04-16T03:49:35+00:00","og_image":[{"width":640,"height":480,"url":"https:\/\/dtcfeed.vn\/wp-content\/uploads\/2024\/04\/nha-may-san-xuat-bot-ca-co-vai-tro-the-nao-trong-chan-nuoi-2590-1.png","type":"image\/png"}],"twitter_card":"summary_large_image","twitter_misc":{"Est. reading time":"4 minutes"},"schema":{"@context":"https:\/\/schema.org","@graph":[{"@type":"WebPage","@id":"https:\/\/dtcfeed.vn\/san-pham\/bot-ca\/","url":"https:\/\/dtcfeed.vn\/san-pham\/bot-ca\/","name":"B\u1ed9t c\u00e1 - DTC FOOD","isPartOf":{"@id":"https:\/\/dtcfeed.vn\/vi\/#website"},"primaryImageOfPage":{"@id":"https:\/\/dtcfeed.vn\/san-pham\/bot-ca\/#primaryimage"},"image":{"@id":"https:\/\/dtcfeed.vn\/san-pham\/bot-ca\/#primaryimage"},"thumbnailUrl":"https:\/\/dtcfeed.vn\/wp-content\/uploads\/2024\/04\/nha-may-san-xuat-bot-ca-co-vai-tro-the-nao-trong-chan-nuoi-2590-1.png","datePublished":"2024-04-15T11:14:27+00:00","dateModified":"2024-04-16T03:49:35+00:00","breadcrumb":{"@id":"https:\/\/dtcfeed.vn\/san-pham\/bot-ca\/#breadcrumb"},"inLanguage":"en-US","potentialAction":[{"@type":"ReadAction","target":["https:\/\/dtcfeed.vn\/san-pham\/bot-ca\/"]}]},{"@type":"ImageObject","inLanguage":"en-US","@id":"https:\/\/dtcfeed.vn\/san-pham\/bot-ca\/#primaryimage","url":"https:\/\/dtcfeed.vn\/wp-content\/uploads\/2024\/04\/nha-may-san-xuat-bot-ca-co-vai-tro-the-nao-trong-chan-nuoi-2590-1.png","contentUrl":"https:\/\/dtcfeed.vn\/wp-content\/uploads\/2024\/04\/nha-may-san-xuat-bot-ca-co-vai-tro-the-nao-trong-chan-nuoi-2590-1.png","width":640,"height":480},{"@type":"BreadcrumbList","@id":"https:\/\/dtcfeed.vn\/san-pham\/bot-ca\/#breadcrumb","itemListElement":[{"@type":"ListItem","position":1,"name":"Trang ch\u1ee7","item":"https:\/\/dtcfeed.vn\/vi\/"},{"@type":"ListItem","position":2,"name":"C\u1eeda h\u00e0ng","item":"https:\/\/dtcfeed.vn\/vi\/cua-hang\/"},{"@type":"ListItem","position":3,"name":"B\u1ed9t c\u00e1"}]},{"@type":"WebSite","@id":"https:\/\/dtcfeed.vn\/vi\/#website","url":"https:\/\/dtcfeed.vn\/vi\/","name":"DTC FOOD","description":"DTC Food Ph\u00e2n Ph\u1ed1i Nguy\u00ean Li\u1ec7u L\u00e0m Th\u1ee9c \u0102n Ch\u0103n Nu\u00f4i","publisher":{"@id":"https:\/\/dtcfeed.vn\/vi\/#organization"},"potentialAction":[{"@type":"SearchAction","target":{"@type":"EntryPoint","urlTemplate":"https:\/\/dtcfeed.vn\/vi\/?s={search_term_string}"},"query-input":"required name=search_term_string"}],"inLanguage":"en-US"},{"@type":"Organization","@id":"https:\/\/dtcfeed.vn\/vi\/#organization","name":"DTC FOOD","url":"https:\/\/dtcfeed.vn\/vi\/","logo":{"@type":"ImageObject","inLanguage":"en-US","@id":"https:\/\/dtcfeed.vn\/vi\/#\/schema\/logo\/image\/","url":"https:\/\/dtcfeed.vn\/wp-content\/uploads\/2024\/04\/logo-DTC-02-2.png","contentUrl":"https:\/\/dtcfeed.vn\/wp-content\/uploads\/2024\/04\/logo-DTC-02-2.png","width":3509,"height":984,"caption":"DTC FOOD"},"image":{"@id":"https:\/\/dtcfeed.vn\/vi\/#\/schema\/logo\/image\/"}}]}},"_links":{"self":[{"href":"https:\/\/dtcfeed.vn\/en\/wp-json\/wp\/v2\/product\/62","targetHints":{"allow":["GET"]}}],"collection":[{"href":"https:\/\/dtcfeed.vn\/en\/wp-json\/wp\/v2\/product"}],"about":[{"href":"https:\/\/dtcfeed.vn\/en\/wp-json\/wp\/v2\/types\/product"}],"replies":[{"embeddable":true,"href":"https:\/\/dtcfeed.vn\/en\/wp-json\/wp\/v2\/comments?post=62"}],"wp:featuredmedia":[{"embeddable":true,"href":"https:\/\/dtcfeed.vn\/en\/wp-json\/wp\/v2\/media\/58"}],"wp:attachment":[{"href":"https:\/\/dtcfeed.vn\/en\/wp-json\/wp\/v2\/media?parent=62"}],"wp:term":[{"taxonomy":"product_cat","embeddable":true,"href":"https:\/\/dtcfeed.vn\/en\/wp-json\/wp\/v2\/product_cat?post=62"},{"taxonomy":"product_tag","embeddable":true,"href":"https:\/\/dtcfeed.vn\/en\/wp-json\/wp\/v2\/product_tag?post=62"}],"curies":[{"name":"wp","href":"https:\/\/api.w.org\/{rel}","templated":true}]}}