{"id":61,"date":"2024-04-15T11:13:33","date_gmt":"2024-04-15T11:13:33","guid":{"rendered":"https:\/\/dtcfeed.vn\/?post_type=product&#038;p=61"},"modified":"2024-04-16T10:50:10","modified_gmt":"2024-04-16T03:50:10","slug":"bot-gan-muc","status":"publish","type":"product","link":"https:\/\/dtcfeed.vn\/en\/product\/bot-gan-muc\/","title":{"rendered":"B\u1ed9t gan m\u1ef1c"},"content":{"rendered":"<p><strong>B\u1ed9t Gan M\u1ef1c<\/strong>\u00a0m\u1ed9t lo\u1ea1i nguy\u00ean li\u1ec7u \u0111\u01b0\u1ee3c s\u1eed d\u1ee5ng r\u1ed9ng r\u00e3i trong ng\u00e0nh ch\u1ebf bi\u1ebfn th\u1ee9c \u0103n ch\u0103n nu\u00f4i gia s\u00fac, gia c\u1ea7m, th\u1ee7y c\u1ea7m.<\/p>\n<div class=\"sanpham\">\n<div class=\"info-content\">\n<div class=\"text\">\n<p><strong>B\u1ed9t gan m\u1ef1c<\/strong>\u00a0:C\u00f3 m\u00e0u \u0111\u1ecf \u0111\u1eadm,m\u00f9i \u0111\u1eb7c tr\u01b0ng.<\/p>\n<p><strong>B\u1ed9t Gan M\u1ef1c<\/strong>\u00a0l\u00e0 s\u1ea3n ph\u1ea9m \u0111\u01b0\u1ee3c d\u00f9ng nhi\u1ec1u trong ch\u1ebf bi\u1ebfn th\u1ee9c \u0103n th\u1ee7y s\u1ea3n. \u0110\u1ed9 ti\u00eau h\u00f3a v\u00e0 h\u1ea5p th\u1ee5 c\u1ee7a b\u1ed9t gan m\u1ef1c cao, l\u1ea1i ch\u1ee9a nhi\u1ec1u acid amin t\u1ef1 do, nucleptides, taurine n\u00ean khi tr\u1ed9n v\u00e0o th\u1ee9c \u0103n s\u1ebb l\u00e0m t\u0103ng v\u1ecb ngon v\u00e0 c\u1ea3i thi\u1ec7n t\u0103ng tr\u01b0\u1edfng cho t\u00f4m, c\u00e1. \u0110\u1eb7c bi\u1ec7t c\u00e1c acid amin t\u1ef1 do c\u00f3 trong b\u1ed9t gan m\u1ef1c s\u1ebb l\u00e0 ch\u1ea5t d\u1ea9n d\u1ee5, k\u00edch th\u00edch s\u1ef1 b\u1eaft m\u1ed3i c\u1ee7a \u0111\u1ed9ng v\u1eadt th\u1ee7y s\u1ea3n. B\u1ed9t gan m\u1ef1c c\u0169ng c\u00f3 th\u1ec3 s\u1ef1 d\u1ee5ng nh\u01b0 ch\u1ea5t ph\u1ee5 gia trong s\u1ea3n xu\u1ea5t th\u1ee9c \u0103n ch\u0103n nu\u00f4i cho v\u1eadt nu\u00f4i nh\u01b0 heo v\u00e0 g\u00e0.<\/p>\n<p><strong><em>C\u00f4ng d\u1ee5ng:<br \/>\n<\/em><\/strong>Cung c\u1ea5p \u0111\u1ea1m, b\u00e9o v\u00e0 s\u01a1 \u0111\u1ea3m b\u1ea3o qu\u00e1 tr\u00ecnh sinh tr\u01b0\u1edfng v\u00e0 ph\u00e1t tri\u1ec3n c\u1ee7a th\u1ee7y s\u1ea3n.<br \/>\nGi\u00fap t\u00f4m, c\u00e1 h\u1ea5p thu v\u00e0 chuy\u1ec3n h\u00f3a th\u1ee9c \u0103n t\u1ed1t.<br \/>\nK\u00edch th\u00edch \u0103n nhi\u1ec1u.<br \/>\nC\u1ea3i thi\u1ec7n l\u01b0\u1ee3ng \u0103n cho th\u1ee7y s\u1ea3n<\/p>\n<p>.<\/p>\n<p><img fetchpriority=\"high\" decoding=\"async\" class=\"alignleft wp-image-384 size-full\" src=\"https:\/\/vietmyfeed.com\/wp-content\/uploads\/2017\/11\/BOT-GAN-MUC-VIETMYFEED.jpg\" sizes=\"(max-width: 600px) 100vw, 600px\" srcset=\"https:\/\/vietmyfeed.com\/wp-content\/uploads\/2017\/11\/BOT-GAN-MUC-VIETMYFEED.jpg 600w, https:\/\/vietmyfeed.com\/wp-content\/uploads\/2017\/11\/BOT-GAN-MUC-VIETMYFEED-150x150.jpg 150w, https:\/\/vietmyfeed.com\/wp-content\/uploads\/2017\/11\/BOT-GAN-MUC-VIETMYFEED-300x300.jpg 300w, https:\/\/vietmyfeed.com\/wp-content\/uploads\/2017\/11\/BOT-GAN-MUC-VIETMYFEED-120x120.jpg 120w, https:\/\/vietmyfeed.com\/wp-content\/uploads\/2017\/11\/BOT-GAN-MUC-VIETMYFEED-400x400.jpg 400w, https:\/\/vietmyfeed.com\/wp-content\/uploads\/2017\/11\/BOT-GAN-MUC-VIETMYFEED-100x100.jpg 100w\" alt=\"bot-gan-muc-vietmyfeed\" width=\"600\" height=\"600\" \/><\/p>\n<p><a href=\"http:\/\/nguyenlieuthucangiasuc.seottv.com\/wp-content\/uploads\/sites\/347\/2014\/07\/images.jpg\"><img decoding=\"async\" class=\"aligncenter\" title=\"Quy tr\u00ecnh s\u1ea3n xu\u1ea5t DDGS \" src=\"https:\/\/nguyenlieuthucangiasuc.seottv.com\/wp-content\/uploads\/sites\/347\/2014\/07\/images.jpg\" alt=\"Quy tr\u00ecnh s\u1ea3n xu\u1ea5t B\u1ed9t Gan M\u1ef1c - Vietmyfeed\" width=\"300\" height=\"300\" \/><\/a><\/p>\n<p>Hi\u1ec7n t\u1ea1i, ch\u00fang t\u00f4i \u0111ang nh\u1eadp kh\u1ea9u v\u00e0 ph\u00e2n ph\u1ed1i\u00a0<strong>B\u1ed9t Gan M\u1ef1c<\/strong>\u00a0\u0111\u1ec3 ph\u1ee5c v\u1ee5 cho ng\u00e0nh s\u1ea3n xu\u1ea5t th\u1ee9c \u0103n ch\u0103n nu\u00f4i t\u1ea1i Vi\u1ec7t Nam. Qu\u00fd kh\u00e1ch h\u00e0ng c\u00f3 th\u1ec3 tham kh\u1ea3o v\u00e0 \u0111\u1eb7t h\u00e0ng ngay cho ch\u00fang t\u00f4i theo s\u1ed1 \u0111i\u1ec7n tho\u1ea1i<\/p>\n<h2><strong>Chi ti\u1ebft th\u00e0nh ph\u1ea7n B\u1ed9t Gan M\u1ef1c<\/strong><\/h2>\n<p>\u2013 \u0110\u1ea1m: 43% Min<\/p>\n<p>\u2013 B\u00e9o: 15% Max<\/p>\n<p>\u2013 \u1ea8m: 10% Max<\/p>\n<p>\u2013 Tro: 10% Max<\/p>\n<p>\u2013 Xu\u1ea5t x\u1ee9 M\u1ef9,H\u00e0n Qu\u1ed1c<\/p>\n<h2><strong>Quy c\u00e1ch \u0111\u00f3ng g\u00f3i B\u1ed9t Gan M\u1ef1c<\/strong><\/h2>\n<p>Bao PP m\u00e0u tr\u1eafng ho\u1eb7c xanh l\u00e1 tr\u01a1n (kh\u00f4ng c\u00f3 th\u00f4ng tin tr\u00ean bao b\u00ec).<\/p>\n<p>\u2013 50kg\/ 1 bao<\/p>\n<p>\u2013 M\u1ed9t container kho\u1ea3ng 25 \u2013 26 t\u1ea5n (\u0111\u1ed1i v\u1edbi container 40f)<\/p>\n<p>\u2013 \u0110\u01a1n v\u1ecb xu\u1ea5t kho l\u00e0 t\u1ed1i thi\u1ec3u 2 t\u1ea5n<\/p>\n<p>\u2013 C\u00f3 th\u1ec3 \u0111\u00f3ng g\u00f3i theo y\u00eau c\u1ea7u c\u1ee7a kh\u00e1ch h\u00e0ng<\/p>\n<p>Ho\u1eb7c h\u00e0ng x\u00e1 giao t\u1ea1i c\u1ea3ng Ph\u00fa M\u1ef9, s\u1ed1 l\u01b0\u1ee3ng t\u1ed1i thi\u1ec3u l\u00e0 1 cont 20 t\u1ea5n<\/p>\n<h2><strong>Ph\u00e2n t\u00edch \u01b0u, nh\u01b0\u1ee3c \u0111i\u1ec3m c\u1ee7a B\u1ed9t Gan M\u1ef1c<\/strong><\/h2>\n<h2>\u01afu \u0111i\u1ec3m<\/h2>\n<p>\u2013 C\u00f3 th\u1ec3 b\u1ea3o qu\u1ea3n \u0111\u01b0\u1ee3c trong th\u1eddi gian t\u1ed1i thi\u1ec3u l\u00e0 6 th\u00e1ng.<\/p>\n<p>\u2013 \u0110\u1ea1m ti\u00eau h\u00f3a cao kho\u1ea3n 85%<\/p>\n<p>\u2013 Ph\u1ea1m vi giao h\u00e0ng tr\u00ean to\u00e0n qu\u1ed1c v\u1edbi gi\u00e1 v\u1eadn chuy\u1ec3n h\u1ee3p l\u00fd .<\/p>\n<p>\u2013 C\u00f3 th\u1ec3 d\u00f9ng l\u00e0m th\u1ee9c \u0103n tr\u1ef1c ti\u1ebfp cho heo, b\u00f2, g\u00e0 v\u1ecbt<\/p>\n<p>\u2013 H\u00e0ng nh\u1eadp kh\u1ea9u t\u1eeb M\u1ef9,H\u00e0n Qu\u1ed1c<\/p>\n<h3>Nh\u01b0\u1ee3c \u0111i\u1ec3m:<\/h3>\n<p>\u2013 Gi\u00e1 cao v\u00ec ph\u1ee5 thu\u1ed9c v\u00e0 ngu\u1ed3n c\u01b0ng \u1ee9ng t\u1eeb n\u01b0\u1edbc ngo\u00e0i.<\/p>\n<p><em><b>C\u00c1C S\u1ea2N PH\u1ea8M KH\u00c1C<\/b><\/em><\/p>\n<p>B\u00ean c\u1ea1nh s\u1ea3n ph\u1ea9m\u00a0<b>B\u1ed9t gan m\u1ef1c<\/b>,\u00a0<strong><em>DTC Vi\u1ec7t Nam<\/em><\/strong>\u00a0c\u00f2n cung c\u1ea5p c\u00e1c s\u1ea3n ph\u1ea9m kh\u00e1c nh\u01b0 :<strong>\u00a0B<\/strong><strong>\u1ed9t l\u00f4ng v\u0169<\/strong>\u00a0,\u00a0<strong>B\u1ed9t huy\u1ebft,\u00a0B\u1ed9t gia c\u1ea7m,\u00a0DDGS,B\u1ed9t c\u00e1<\/strong>\u2026.Ch\u00fang t\u00f4i t\u1ef1 h\u00e0o v\u1ec1 ch\u1ea5t l\u01b0\u1ee3ng v\u00e0 s\u1ef1 \u0111a d\u1ea1ng c\u1ee7a c\u00e1c s\u1ea3n ph\u1ea9m \u0111ang cung c\u1ea5p, nh\u1eb1m \u0111\u00e1p \u1ee9ng nhu c\u1ea7u thi\u1ebft y\u1ebfu c\u1ee7a qu\u00fd kh\u00e1ch h\u00e0ng gi\u00fap n\u00e2ng cao hi\u1ec7u qu\u1ea3 cho v\u1eadt nu\u00f4i.<\/p>\n<p><strong><em>H\u00e3y li\u00ean h\u1ec7 v\u1edbi DTC Vi\u1ec7t Nam \u0111\u1ec3 \u0111\u01b0\u1ee3c h\u1ed7 tr\u1ee3 t\u01b0 v\u1ea5n s\u1ea3n ph\u1ea9m mi\u1ec5n ph\u00ed!<\/em><\/strong><\/p>\n<\/div>\n<\/div>\n<\/div>","protected":false},"excerpt":{"rendered":"<p>B\u1ed9t Gan M\u1ef1c\u00a0m\u1ed9t lo\u1ea1i nguy\u00ean li\u1ec7u \u0111\u01b0\u1ee3c s\u1eed d\u1ee5ng r\u1ed9ng r\u00e3i trong ng\u00e0nh ch\u1ebf bi\u1ebfn th\u1ee9c \u0103n ch\u0103n nu\u00f4i gia s\u00fac, gia c\u1ea7m, th\u1ee7y c\u1ea7m. B\u1ed9t gan m\u1ef1c\u00a0:C\u00f3 m\u00e0u \u0111\u1ecf \u0111\u1eadm,m\u00f9i \u0111\u1eb7c tr\u01b0ng. B\u1ed9t Gan M\u1ef1c\u00a0l\u00e0 s\u1ea3n ph\u1ea9m \u0111\u01b0\u1ee3c d\u00f9ng nhi\u1ec1u trong ch\u1ebf bi\u1ebfn th\u1ee9c \u0103n th\u1ee7y s\u1ea3n. \u0110\u1ed9 ti\u00eau h\u00f3a v\u00e0 h\u1ea5p th\u1ee5 c\u1ee7a [&hellip;]<\/p>","protected":false},"featured_media":53,"comment_status":"open","ping_status":"closed","template":"","meta":{"_acf_changed":false},"product_cat":[16],"product_tag":[],"class_list":{"0":"post-61","1":"product","2":"type-product","3":"status-publish","4":"has-post-thumbnail","6":"product_cat-nguyen-lieu-thuc-an-chan-nuoi","8":"first","9":"instock","10":"shipping-taxable","11":"purchasable","12":"product-type-simple"},"acf":[],"yoast_head":"<!-- This site is optimized with the Yoast SEO plugin v22.4 - https:\/\/yoast.com\/wordpress\/plugins\/seo\/ -->\n<title>B\u1ed9t gan m\u1ef1c - DTC FOOD<\/title>\n<meta name=\"robots\" content=\"noindex, follow, max-snippet:-1, max-image-preview:large, max-video-preview:-1\" \/>\n<meta property=\"og:locale\" content=\"en_US\" \/>\n<meta property=\"og:type\" content=\"article\" \/>\n<meta property=\"og:title\" content=\"B\u1ed9t gan m\u1ef1c - DTC FOOD\" \/>\n<meta property=\"og:description\" content=\"B\u1ed9t Gan M\u1ef1c\u00a0m\u1ed9t lo\u1ea1i nguy\u00ean li\u1ec7u \u0111\u01b0\u1ee3c s\u1eed d\u1ee5ng r\u1ed9ng r\u00e3i trong ng\u00e0nh ch\u1ebf bi\u1ebfn th\u1ee9c \u0103n ch\u0103n nu\u00f4i gia s\u00fac, gia c\u1ea7m, th\u1ee7y c\u1ea7m. B\u1ed9t gan m\u1ef1c\u00a0:C\u00f3 m\u00e0u \u0111\u1ecf \u0111\u1eadm,m\u00f9i \u0111\u1eb7c tr\u01b0ng. B\u1ed9t Gan M\u1ef1c\u00a0l\u00e0 s\u1ea3n ph\u1ea9m \u0111\u01b0\u1ee3c d\u00f9ng nhi\u1ec1u trong ch\u1ebf bi\u1ebfn th\u1ee9c \u0103n th\u1ee7y s\u1ea3n. \u0110\u1ed9 ti\u00eau h\u00f3a v\u00e0 h\u1ea5p th\u1ee5 c\u1ee7a [&hellip;]\" \/>\n<meta property=\"og:url\" content=\"https:\/\/dtcfeed.vn\/en\/product\/bot-gan-muc\/\" \/>\n<meta property=\"og:site_name\" content=\"DTC FOOD\" \/>\n<meta property=\"article:modified_time\" content=\"2024-04-16T03:50:10+00:00\" \/>\n<meta property=\"og:image\" content=\"https:\/\/dtcfeed.vn\/wp-content\/uploads\/2024\/04\/BOT-GAN-MUC-VIETMYFEED.jpg\" \/>\n\t<meta property=\"og:image:width\" content=\"600\" \/>\n\t<meta property=\"og:image:height\" content=\"600\" \/>\n\t<meta property=\"og:image:type\" content=\"image\/jpeg\" \/>\n<meta name=\"twitter:card\" content=\"summary_large_image\" \/>\n<meta name=\"twitter:label1\" content=\"Est. reading time\" \/>\n\t<meta name=\"twitter:data1\" content=\"1 minute\" \/>\n<script type=\"application\/ld+json\" class=\"yoast-schema-graph\">{\"@context\":\"https:\/\/schema.org\",\"@graph\":[{\"@type\":\"WebPage\",\"@id\":\"https:\/\/dtcfeed.vn\/san-pham\/bot-gan-muc\/\",\"url\":\"https:\/\/dtcfeed.vn\/san-pham\/bot-gan-muc\/\",\"name\":\"B\u1ed9t gan m\u1ef1c - DTC FOOD\",\"isPartOf\":{\"@id\":\"https:\/\/dtcfeed.vn\/vi\/#website\"},\"primaryImageOfPage\":{\"@id\":\"https:\/\/dtcfeed.vn\/san-pham\/bot-gan-muc\/#primaryimage\"},\"image\":{\"@id\":\"https:\/\/dtcfeed.vn\/san-pham\/bot-gan-muc\/#primaryimage\"},\"thumbnailUrl\":\"https:\/\/dtcfeed.vn\/wp-content\/uploads\/2024\/04\/BOT-GAN-MUC-VIETMYFEED.jpg\",\"datePublished\":\"2024-04-15T11:13:33+00:00\",\"dateModified\":\"2024-04-16T03:50:10+00:00\",\"breadcrumb\":{\"@id\":\"https:\/\/dtcfeed.vn\/san-pham\/bot-gan-muc\/#breadcrumb\"},\"inLanguage\":\"en-US\",\"potentialAction\":[{\"@type\":\"ReadAction\",\"target\":[\"https:\/\/dtcfeed.vn\/san-pham\/bot-gan-muc\/\"]}]},{\"@type\":\"ImageObject\",\"inLanguage\":\"en-US\",\"@id\":\"https:\/\/dtcfeed.vn\/san-pham\/bot-gan-muc\/#primaryimage\",\"url\":\"https:\/\/dtcfeed.vn\/wp-content\/uploads\/2024\/04\/BOT-GAN-MUC-VIETMYFEED.jpg\",\"contentUrl\":\"https:\/\/dtcfeed.vn\/wp-content\/uploads\/2024\/04\/BOT-GAN-MUC-VIETMYFEED.jpg\",\"width\":600,\"height\":600,\"caption\":\"BOT-GAN-MUC-VIETMYFEED\"},{\"@type\":\"BreadcrumbList\",\"@id\":\"https:\/\/dtcfeed.vn\/san-pham\/bot-gan-muc\/#breadcrumb\",\"itemListElement\":[{\"@type\":\"ListItem\",\"position\":1,\"name\":\"Trang ch\u1ee7\",\"item\":\"https:\/\/dtcfeed.vn\/vi\/\"},{\"@type\":\"ListItem\",\"position\":2,\"name\":\"C\u1eeda h\u00e0ng\",\"item\":\"https:\/\/dtcfeed.vn\/vi\/cua-hang\/\"},{\"@type\":\"ListItem\",\"position\":3,\"name\":\"B\u1ed9t gan m\u1ef1c\"}]},{\"@type\":\"WebSite\",\"@id\":\"https:\/\/dtcfeed.vn\/vi\/#website\",\"url\":\"https:\/\/dtcfeed.vn\/vi\/\",\"name\":\"DTC FOOD\",\"description\":\"DTC Food Ph\u00e2n Ph\u1ed1i Nguy\u00ean Li\u1ec7u L\u00e0m Th\u1ee9c \u0102n Ch\u0103n Nu\u00f4i\",\"publisher\":{\"@id\":\"https:\/\/dtcfeed.vn\/vi\/#organization\"},\"potentialAction\":[{\"@type\":\"SearchAction\",\"target\":{\"@type\":\"EntryPoint\",\"urlTemplate\":\"https:\/\/dtcfeed.vn\/vi\/?s={search_term_string}\"},\"query-input\":\"required name=search_term_string\"}],\"inLanguage\":\"en-US\"},{\"@type\":\"Organization\",\"@id\":\"https:\/\/dtcfeed.vn\/vi\/#organization\",\"name\":\"DTC FOOD\",\"url\":\"https:\/\/dtcfeed.vn\/vi\/\",\"logo\":{\"@type\":\"ImageObject\",\"inLanguage\":\"en-US\",\"@id\":\"https:\/\/dtcfeed.vn\/vi\/#\/schema\/logo\/image\/\",\"url\":\"https:\/\/dtcfeed.vn\/wp-content\/uploads\/2024\/04\/logo-DTC-02-2.png\",\"contentUrl\":\"https:\/\/dtcfeed.vn\/wp-content\/uploads\/2024\/04\/logo-DTC-02-2.png\",\"width\":3509,\"height\":984,\"caption\":\"DTC FOOD\"},\"image\":{\"@id\":\"https:\/\/dtcfeed.vn\/vi\/#\/schema\/logo\/image\/\"}}]}<\/script>\n<!-- \/ Yoast SEO plugin. -->","yoast_head_json":{"title":"B\u1ed9t gan m\u1ef1c - DTC FOOD","robots":{"index":"noindex","follow":"follow","max-snippet":"max-snippet:-1","max-image-preview":"max-image-preview:large","max-video-preview":"max-video-preview:-1"},"og_locale":"en_US","og_type":"article","og_title":"B\u1ed9t gan m\u1ef1c - DTC FOOD","og_description":"B\u1ed9t Gan M\u1ef1c\u00a0m\u1ed9t lo\u1ea1i nguy\u00ean li\u1ec7u \u0111\u01b0\u1ee3c s\u1eed d\u1ee5ng r\u1ed9ng r\u00e3i trong ng\u00e0nh ch\u1ebf bi\u1ebfn th\u1ee9c \u0103n ch\u0103n nu\u00f4i gia s\u00fac, gia c\u1ea7m, th\u1ee7y c\u1ea7m. B\u1ed9t gan m\u1ef1c\u00a0:C\u00f3 m\u00e0u \u0111\u1ecf \u0111\u1eadm,m\u00f9i \u0111\u1eb7c tr\u01b0ng. B\u1ed9t Gan M\u1ef1c\u00a0l\u00e0 s\u1ea3n ph\u1ea9m \u0111\u01b0\u1ee3c d\u00f9ng nhi\u1ec1u trong ch\u1ebf bi\u1ebfn th\u1ee9c \u0103n th\u1ee7y s\u1ea3n. \u0110\u1ed9 ti\u00eau h\u00f3a v\u00e0 h\u1ea5p th\u1ee5 c\u1ee7a [&hellip;]","og_url":"https:\/\/dtcfeed.vn\/en\/product\/bot-gan-muc\/","og_site_name":"DTC FOOD","article_modified_time":"2024-04-16T03:50:10+00:00","og_image":[{"width":600,"height":600,"url":"https:\/\/dtcfeed.vn\/wp-content\/uploads\/2024\/04\/BOT-GAN-MUC-VIETMYFEED.jpg","type":"image\/jpeg"}],"twitter_card":"summary_large_image","twitter_misc":{"Est. reading time":"1 minute"},"schema":{"@context":"https:\/\/schema.org","@graph":[{"@type":"WebPage","@id":"https:\/\/dtcfeed.vn\/san-pham\/bot-gan-muc\/","url":"https:\/\/dtcfeed.vn\/san-pham\/bot-gan-muc\/","name":"B\u1ed9t gan m\u1ef1c - DTC FOOD","isPartOf":{"@id":"https:\/\/dtcfeed.vn\/vi\/#website"},"primaryImageOfPage":{"@id":"https:\/\/dtcfeed.vn\/san-pham\/bot-gan-muc\/#primaryimage"},"image":{"@id":"https:\/\/dtcfeed.vn\/san-pham\/bot-gan-muc\/#primaryimage"},"thumbnailUrl":"https:\/\/dtcfeed.vn\/wp-content\/uploads\/2024\/04\/BOT-GAN-MUC-VIETMYFEED.jpg","datePublished":"2024-04-15T11:13:33+00:00","dateModified":"2024-04-16T03:50:10+00:00","breadcrumb":{"@id":"https:\/\/dtcfeed.vn\/san-pham\/bot-gan-muc\/#breadcrumb"},"inLanguage":"en-US","potentialAction":[{"@type":"ReadAction","target":["https:\/\/dtcfeed.vn\/san-pham\/bot-gan-muc\/"]}]},{"@type":"ImageObject","inLanguage":"en-US","@id":"https:\/\/dtcfeed.vn\/san-pham\/bot-gan-muc\/#primaryimage","url":"https:\/\/dtcfeed.vn\/wp-content\/uploads\/2024\/04\/BOT-GAN-MUC-VIETMYFEED.jpg","contentUrl":"https:\/\/dtcfeed.vn\/wp-content\/uploads\/2024\/04\/BOT-GAN-MUC-VIETMYFEED.jpg","width":600,"height":600,"caption":"BOT-GAN-MUC-VIETMYFEED"},{"@type":"BreadcrumbList","@id":"https:\/\/dtcfeed.vn\/san-pham\/bot-gan-muc\/#breadcrumb","itemListElement":[{"@type":"ListItem","position":1,"name":"Trang ch\u1ee7","item":"https:\/\/dtcfeed.vn\/vi\/"},{"@type":"ListItem","position":2,"name":"C\u1eeda h\u00e0ng","item":"https:\/\/dtcfeed.vn\/vi\/cua-hang\/"},{"@type":"ListItem","position":3,"name":"B\u1ed9t gan m\u1ef1c"}]},{"@type":"WebSite","@id":"https:\/\/dtcfeed.vn\/vi\/#website","url":"https:\/\/dtcfeed.vn\/vi\/","name":"DTC FOOD","description":"DTC Food Ph\u00e2n Ph\u1ed1i Nguy\u00ean Li\u1ec7u L\u00e0m Th\u1ee9c \u0102n Ch\u0103n Nu\u00f4i","publisher":{"@id":"https:\/\/dtcfeed.vn\/vi\/#organization"},"potentialAction":[{"@type":"SearchAction","target":{"@type":"EntryPoint","urlTemplate":"https:\/\/dtcfeed.vn\/vi\/?s={search_term_string}"},"query-input":"required name=search_term_string"}],"inLanguage":"en-US"},{"@type":"Organization","@id":"https:\/\/dtcfeed.vn\/vi\/#organization","name":"DTC FOOD","url":"https:\/\/dtcfeed.vn\/vi\/","logo":{"@type":"ImageObject","inLanguage":"en-US","@id":"https:\/\/dtcfeed.vn\/vi\/#\/schema\/logo\/image\/","url":"https:\/\/dtcfeed.vn\/wp-content\/uploads\/2024\/04\/logo-DTC-02-2.png","contentUrl":"https:\/\/dtcfeed.vn\/wp-content\/uploads\/2024\/04\/logo-DTC-02-2.png","width":3509,"height":984,"caption":"DTC FOOD"},"image":{"@id":"https:\/\/dtcfeed.vn\/vi\/#\/schema\/logo\/image\/"}}]}},"_links":{"self":[{"href":"https:\/\/dtcfeed.vn\/en\/wp-json\/wp\/v2\/product\/61","targetHints":{"allow":["GET"]}}],"collection":[{"href":"https:\/\/dtcfeed.vn\/en\/wp-json\/wp\/v2\/product"}],"about":[{"href":"https:\/\/dtcfeed.vn\/en\/wp-json\/wp\/v2\/types\/product"}],"replies":[{"embeddable":true,"href":"https:\/\/dtcfeed.vn\/en\/wp-json\/wp\/v2\/comments?post=61"}],"wp:featuredmedia":[{"embeddable":true,"href":"https:\/\/dtcfeed.vn\/en\/wp-json\/wp\/v2\/media\/53"}],"wp:attachment":[{"href":"https:\/\/dtcfeed.vn\/en\/wp-json\/wp\/v2\/media?parent=61"}],"wp:term":[{"taxonomy":"product_cat","embeddable":true,"href":"https:\/\/dtcfeed.vn\/en\/wp-json\/wp\/v2\/product_cat?post=61"},{"taxonomy":"product_tag","embeddable":true,"href":"https:\/\/dtcfeed.vn\/en\/wp-json\/wp\/v2\/product_tag?post=61"}],"curies":[{"name":"wp","href":"https:\/\/api.w.org\/{rel}","templated":true}]}}