{"id":49,"date":"2024-04-15T11:07:16","date_gmt":"2024-04-15T11:07:16","guid":{"rendered":"https:\/\/dtcfeed.vn\/?post_type=product&#038;p=49"},"modified":"2025-05-24T10:49:28","modified_gmt":"2025-05-24T03:49:28","slug":"bot-xuong-thit","status":"publish","type":"product","link":"https:\/\/dtcfeed.vn\/en\/product\/bot-xuong-thit\/","title":{"rendered":"B\u1ed9t X\u01b0\u01a1ng Th\u1ecbt"},"content":{"rendered":"<p>Trong th\u00e0nh ph\u1ea7n th\u1ee9c \u0103n ch\u0103n nu\u00f4i,\u00a0<strong>B\u1ed9t X\u01b0\u01a1ng Th\u1ecbt<\/strong>\u00a0l\u00e0 m\u1ed9t nguy\u00ean li\u1ec7u quan tr\u1ecdng \u0111\u1ec3 b\u1ed5 sung \u0111\u1ea1m c\u0169ng nh\u01b0 cung c\u1ea5p acid amin.\u00a0<strong>B\u1ed9t x\u01b0\u01a1ng th\u1ecbt<\/strong>\u00a0\u0111\u01b0\u1ee3c s\u1ea3n xu\u1ea5t t\u1eeb \u0111\u1ea1m t\u00e1i ch\u1ebf c\u1ee7a \u0111\u1ed9ng v\u1eadt, s\u1eed d\u1ee5ng c\u00e1c ph\u1ee5 ph\u1ea9m bao g\u1ed3m th\u1ecbt d\u01b0, c\u00e1c b\u1ed9 ph\u1eadn kh\u00f4ng \u0103n \u0111\u01b0\u1ee3c v\u00e0 x\u00e1c ch\u1ebft \u0111\u1ed9ng v\u1eadt nh\u01b0 b\u00f2, heo, g\u00e0,\u2026 \u0111\u1ec3 n\u1ea5u ch\u00edn. Sau \u0111\u00f3, qua qu\u00e1 tr\u00ecnh ph\u00e2n lo\u1ea1i, l\u00f4ng, t\u00f3c, m\u00f3ng, m\u00e1u, d\u1ea1 d\u00e0y \u0111\u01b0\u1ee3c lo\u1ea1i b\u1ecf ch\u1ec9 \u0111\u1ec3 l\u1ea1i th\u1ecbt v\u00e0 x\u01b0\u01a1ng, r\u1ed3i s\u1ebd \u0111\u01b0\u1ee3c xay m\u1ecbn v\u00e0 s\u1ea5y kh\u00f4 \u0111\u1ebfn \u0111\u1ed9 \u1ea9m d\u01b0\u1edbi 10% \u0111\u1ec3 b\u1ea3o qu\u1ea3n.<\/p>\n<p>H\u00e0ng n\u0103m c\u00f3 t\u1edbi h\u00e0ng tri\u1ec7u t\u1ea5n\u00a0<strong>b\u1ed9t x\u01b0\u01a1ng th\u1ecbt<\/strong>\u00a0s\u1ea3n xu\u1ea5t, ch\u1ee7 y\u1ebfu t\u1eeb Ch\u00e2u \u00c2u v\u00e0 M\u1ef9. Nh\u1edd c\u00f3 ng\u00e0nh c\u00f4ng nghi\u1ec7p s\u1ea3n xu\u1ea5t, t\u00e1i ch\u1ebf c\u00e1c ph\u1ee5 ph\u1ea9m \u0111\u1ed9ng v\u1eadt sang nguy\u00ean li\u1ec7u d\u00f9ng trong th\u1ee9c \u0103n gia s\u00fac, thi\u1ec7t h\u1ea1i cho n\u1ec1n kinh t\u1ebf \u0111\u00e3 \u0111\u01b0\u1ee3c gi\u1ea3m thi\u1ec3u, c\u0169ng nh\u01b0 g\u00f3p ph\u1ea7n l\u00e0m gi\u1ea3m t\u00ecnh tr\u1ea1ng \u00f4 nhi\u1ec5m m\u00f4i tr\u01b0\u1eddng. V\u00ec n\u1ebfu nh\u01b0 kh\u00f4ng \u0111\u01b0\u1ee3c t\u00e1i ch\u1ebf, ch\u00fang s\u1ebd b\u1ecb x\u1eed l\u00fd trong c\u00e1c b\u00e3i ch\u00f4n l\u1ea5p g\u00e2y l\u00e3ng ph\u00ed v\u00e0 \u00f4 nhi\u1ec5m.<\/p>\n<div class=\"sanpham\">\n<div class=\"info-content\">\n<div class=\"text\">\n<p><a href=\"https:\/\/vietmyfeed.com\/san-pham\/ddgs\/\"><img fetchpriority=\"high\" decoding=\"async\" class=\"alignnone wp-image-76 size-full\" src=\"https:\/\/demo.vietmyfeed.com\/wp-content\/uploads\/2017\/11\/DDGS2.jpg\" sizes=\"(max-width: 1280px) 100vw, 1280px\" srcset=\"https:\/\/vietmyfeed.com\/wp-content\/uploads\/2017\/11\/DDGS2.jpg 1280w, https:\/\/vietmyfeed.com\/wp-content\/uploads\/2017\/11\/DDGS2-300x169.jpg 300w, https:\/\/vietmyfeed.com\/wp-content\/uploads\/2017\/11\/DDGS2-768x432.jpg 768w, https:\/\/vietmyfeed.com\/wp-content\/uploads\/2017\/11\/DDGS2-1024x576.jpg 1024w\" alt=\"DDGS - Vietmyfeed\" width=\"1280\" height=\"720\" \/><\/a><\/p>\n<p>Ch\u1ea5t l\u01b0\u1ee3ng v\u00e0 th\u00e0nh ph\u1ea7n dinh d\u01b0\u1ee1ng trong<strong>\u00a0b\u1ed9t x\u01b0\u01a1ng th\u1ecbt<\/strong>\u00a0\u0111\u01b0\u1ee3c Hi\u1ec7p h\u1ed9i s\u1ea3n xu\u1ea5t th\u1ee9c \u0103n (AAFCO) quy \u0111\u1ecbnh nh\u01b0 sau:<\/p>\n<table border=\"0\">\n<tbody>\n<tr>\n<td><\/td>\n<td><strong>\u2013 Protein th\u00f4:<\/strong><\/td>\n<td><strong>49,0-52,8%<\/strong><\/td>\n<\/tr>\n<tr>\n<td><\/td>\n<td><strong>\u2013 \u0110\u1ed9 \u1ea9m:\u00a0<\/strong><\/td>\n<td><strong>3,0-11,2%<\/strong><\/td>\n<\/tr>\n<tr>\n<td><\/td>\n<td><strong>\u2013 Ch\u1ea5t b\u00e9o th\u00f4: \u00a0<\/strong><\/td>\n<td><strong>8,5-14,8%<\/strong><\/td>\n<\/tr>\n<tr>\n<td><\/td>\n<td><strong>\u2013 Canxi: \u00a0<\/strong><\/td>\n<td><strong>6,0-12,0%<\/strong><\/td>\n<\/tr>\n<tr>\n<td><\/td>\n<td><strong>\u2013 T\u1ed5ng ph\u1ed1t pho: \u00a0 \u00a0<\/strong><\/td>\n<td><strong>3,5-5,0%<\/strong><\/td>\n<\/tr>\n<tr>\n<td><\/td>\n<td><strong>\u2013 Lysine: \u00a0\u00a0<\/strong><\/td>\n<td><strong>2,2-3,0%<\/strong><\/td>\n<\/tr>\n<tr>\n<td><\/td>\n<td><strong>\u2013 N\u0103ng l\u01b0\u1ee3ng trao \u0111\u1ed5i: \u00a0<\/strong><\/td>\n<td><strong>1770 \u2013 2420 Mcal \/ kg<\/strong><\/td>\n<\/tr>\n<\/tbody>\n<\/table>\n<div><\/div>\n<div>\u00a0V\u1edbi vi\u1ec7c n\u1eafm b\u1eaft nhu c\u1ea7u c\u1ee7a th\u1ecb tr\u01b0\u1eddng, c\u0169ng nh\u01b0 mong mu\u1ed1n mang \u0111\u1ebfn cho kh\u00e1ch h\u00e0ng nh\u1eefng s\u1ea3n ph\u1ea9m t\u1ed1t nh\u1ea5t,\u00a0<strong>DTC Feed<\/strong>\u00a0lu\u00f4n kh\u00f4ng ng\u1eebng m\u1edf r\u1ed9ng m\u1ea1ng l\u01b0\u1edbi thu mua nh\u1eb1m t\u00ecm ki\u1ebfm nh\u00e0 cung c\u1ea5p s\u1ea3n ph\u1ea9m b\u1ed9t x\u01b0\u01a1ng th\u1ecbt t\u1ed1t nh\u1ea5t \u0111\u1ec3 nh\u1eadp kh\u1ea9u v\u1ec1 Vi\u1ec7t Nam.\u00a0Hi\u1ec7n t\u1ea1i, ch\u00fang t\u00f4i \u0111ang cung c\u1ea5p\u00a0<strong>b\u1ed9t x\u01b0\u01a1ng th\u1ecbt<\/strong>\u00a0\u0111\u01b0\u1ee3c nh\u1eadp kh\u1ea9u t\u1eeb \u00dd v\u1edbi h\u00e0m l\u01b0\u1ee3ng \u0111\u1ea1m \u0111\u1ea1t 50%,\u00a0ph\u00f9 h\u1ee3p \u0111\u1ec3 b\u1ed5 sung \u0111\u1ea1m v\u00e0 acidamin cho vi\u1ec7c s\u1ea3n xu\u1ea5t th\u1ee9c \u0103n gia s\u00fac v\u00e0 d\u00f9ng l\u00e0m th\u1ee9c \u0103n tr\u1ef1c ti\u1ebfp cho v\u1eadt nu\u00f4i v\u00e0 th\u1ee7y s\u1ea3n.<\/div>\n<div><\/div>\n<div><strong>Chi ti\u1ebft th\u00e0nh ph\u1ea7n b\u1ed9t x\u01b0\u01a1ng th\u1ecbt \u00dd<\/strong><\/div>\n<table border=\"0\">\n<tbody>\n<tr>\n<td><\/td>\n<td>\u2013 \u0110\u1ea1m:<\/td>\n<td>50% min<\/td>\n<\/tr>\n<tr>\n<td><\/td>\n<td>\u2013 B\u00e9o:<\/td>\n<td>13% max<\/td>\n<\/tr>\n<tr>\n<td><\/td>\n<td>\u2013 \u1ea8m:<\/td>\n<td>10% max<\/td>\n<\/tr>\n<tr>\n<td><\/td>\n<td>\u2013 Tro:<\/td>\n<td>35% max<\/td>\n<\/tr>\n<tr>\n<td><\/td>\n<td>\u2013 Xu\u1ea5t x\u1ee9 \u00dd<\/td>\n<td><\/td>\n<\/tr>\n<\/tbody>\n<\/table>\n<h2>Quy c\u00e1ch \u0111\u00f3ng g\u00f3i b\u1ed9t x\u01b0\u01a1ng th\u1ecbt 50%<\/h2>\n<table border=\"0\">\n<tbody>\n<tr>\n<td><\/td>\n<td>\u2013 Bao PP m\u00e0u tr\u1eafng ho\u1eb7c xanh l\u00e1 tr\u01a1n (kh\u00f4ng c\u00f3 th\u00f4ng tin tr\u00ean bao b\u00ec).<\/td>\n<\/tr>\n<tr>\n<td><\/td>\n<td>\u2013 50kg\/ 1 bao<\/td>\n<\/tr>\n<tr>\n<td><\/td>\n<td>\u2013 M\u1ed9t container kho\u1ea3n 20 \u2013 22 t\u1ea5n (\u0111\u1ed1i v\u1edbi container 20f)<\/td>\n<\/tr>\n<tr>\n<td><\/td>\n<td>\u2013 C\u00f3 th\u1ec3 \u0111\u00f3ng g\u00f3i theo y\u00eau c\u1ea7u c\u1ee7a kh\u00e1ch h\u00e0ng<\/td>\n<\/tr>\n<\/tbody>\n<\/table>\n<h2>Ph\u00e2n t\u00edch \u01b0u, nh\u01b0\u1ee3c \u0111i\u1ec3m b\u1ed9t x\u01b0\u01a1ng th\u1ecbt<\/h2>\n<table border=\"0\" width=\"762\">\n<tbody>\n<tr>\n<td><\/td>\n<td><strong>\u00a0 \u01afu \u0111i\u1ec3m<\/strong><\/td>\n<td><strong>\u00a0 Nh\u01b0\u1ee3c \u0111i\u1ec3m<\/strong><\/td>\n<\/tr>\n<tr>\n<td><\/td>\n<td>\u2013 \u0110\u1ea1m cao 50%<\/td>\n<td>\u2013 Gi\u00e1 cao, kh\u00f4ng \u1ed5n \u0111\u1ecbnh<\/td>\n<\/tr>\n<tr>\n<td><\/td>\n<td>\u2013 Ti\u00eau h\u00f3a t\u1ed1i ti\u1ec3u l\u00e0 85%<\/td>\n<td>\u2013 C\u00f4ng su\u1ea5t \u0111\u00e1p \u1ee9ng th\u00e2p 5000 t\u1ea5n\/th\u00e1ng<\/td>\n<\/tr>\n<tr>\n<td><\/td>\n<td>\u2013 H\u00e0m l\u01b0\u1ee3ng ch\u1ea5t dinh d\u01b0\u1ee1ng cao<\/td>\n<td><\/td>\n<\/tr>\n<tr>\n<td><\/td>\n<td>\u2013 M\u00e0u v\u00e0ng \u00f3ng<\/td>\n<td><\/td>\n<\/tr>\n<tr>\n<td><\/td>\n<td>\u2013 Ph\u1ea1m v\u00ec ph\u00e2n ph\u1ed1i tr\u00ean to\u00e0n qu\u1ed1c<\/td>\n<td><\/td>\n<\/tr>\n<tr>\n<td><\/td>\n<td>\u2013 C\u00f3 th\u1ec3 d\u00f9ng l\u00e0m th\u1ee9c \u0103n tr\u1ef1c ti\u1ebfp cho heo, b\u00f2, g\u00e0\u2026<\/td>\n<td><\/td>\n<\/tr>\n<\/tbody>\n<\/table>\n<p><strong>C\u00e1c s\u1ea3n ph\u1ea9m kh\u00e1c\u00a0<\/strong><\/p>\n<p>B\u00ean c\u1ea1nh s\u1ea3n ph\u1ea9m\u00a0<b>B\u1ed9t x\u01b0\u01a1ng th\u1ecbt\u00a0<\/b>,<strong><em>DTC Feed<\/em><\/strong>\u00a0c\u00f2n cung c\u1ea5p c\u00e1c s\u1ea3n ph\u1ea9m kh\u00e1c nh\u01b0 :<strong>\u00a0<a href=\"http:\/\/demo.vietmyfeed.com\/bot-xuong-thit\/\">B<\/a><\/strong><strong>\u1ed9t l\u00f4ng v\u0169<\/strong>\u00a0,\u00a0<strong>B\u1ed9t huy\u1ebft,\u00a0B\u1ed9t gia c\u1ea7m,\u00a0DDGS,B\u1ed9t c\u00e1<\/strong>\u2026.Ch\u00fang t\u00f4i t\u1ef1 h\u00e0o v\u1ec1 ch\u1ea5t l\u01b0\u1ee3ng v\u00e0 s\u1ef1 \u0111a d\u1ea1ng c\u1ee7a c\u00e1c s\u1ea3n ph\u1ea9m \u0111ang cung c\u1ea5p, nh\u1eb1m \u0111\u00e1p \u1ee9ng nhu c\u1ea7u thi\u1ebft y\u1ebfu c\u1ee7a qu\u00fd kh\u00e1ch h\u00e0ng gi\u00fap n\u00e2ng cao hi\u1ec7u qu\u1ea3 cho v\u1eadt nu\u00f4i.<\/p>\n<p>&nbsp;<\/p>\n<p><strong><em>H\u00e3y li\u00ean h\u1ec7 v\u1edbi DTC Vi\u1ec7t Nam \u0111\u1ec3 \u0111\u01b0\u1ee3c h\u1ed7 tr\u1ee3 t\u01b0 v\u1ea5n s\u1ea3n ph\u1ea9m mi\u1ec5n ph\u00ed!<\/em><\/strong><\/p>\n<p><strong>C\u00d4NG TY TNHH GIAO NH\u1eacN XU\u1ea4T NH\u1eacP KH\u1ea8U VI\u1ec6T M\u1ef8<br \/>\n<\/strong><br \/>\n<strong>\u0110\u1ecba ch\u1ec9\u00a0 \u00a0 \u00a0 \u00a0 \u00a0 \u00a0 \u00a0 \u00a0: LK 16, ng\u00f5 112 Ho\u00e0ng nh\u01b0 Ti\u1ebfp, ph\u01b0\u1eddng B\u1ed3 \u0110\u1ec1, Q.Long Bi\u00ean, H\u00e0 N\u1ed9i<\/strong><br \/>\n<strong>Hotline\u00a0 \u00a0 \u00a0 \u00a0 \u00a0 \u00a0 \u00a0 \u00a0:\u00a0 0981922159<\/strong><strong><br \/>\n<\/strong><strong>Website\u00a0 \u00a0 \u00a0 \u00a0 \u00a0 \u00a0 \u00a0:\u00a0 https:\/\/dtcfeed.vn\/<\/strong><\/p>\n<\/div>\n<\/div>\n<\/div>","protected":false},"excerpt":{"rendered":"<p>Trong th\u00e0nh ph\u1ea7n th\u1ee9c \u0103n ch\u0103n nu\u00f4i,\u00a0B\u1ed9t X\u01b0\u01a1ng Th\u1ecbt\u00a0l\u00e0 m\u1ed9t nguy\u00ean li\u1ec7u quan tr\u1ecdng \u0111\u1ec3 b\u1ed5 sung \u0111\u1ea1m c\u0169ng nh\u01b0 cung c\u1ea5p acid amin.\u00a0B\u1ed9t x\u01b0\u01a1ng th\u1ecbt\u00a0\u0111\u01b0\u1ee3c s\u1ea3n xu\u1ea5t t\u1eeb \u0111\u1ea1m t\u00e1i ch\u1ebf c\u1ee7a \u0111\u1ed9ng v\u1eadt, s\u1eed d\u1ee5ng c\u00e1c ph\u1ee5 ph\u1ea9m bao g\u1ed3m th\u1ecbt d\u01b0, c\u00e1c b\u1ed9 ph\u1eadn kh\u00f4ng \u0103n \u0111\u01b0\u1ee3c v\u00e0 x\u00e1c ch\u1ebft \u0111\u1ed9ng v\u1eadt [&hellip;]<\/p>","protected":false},"featured_media":57,"comment_status":"open","ping_status":"closed","template":"","meta":{"_acf_changed":false},"product_cat":[16],"product_tag":[],"class_list":{"0":"post-49","1":"product","2":"type-product","3":"status-publish","4":"has-post-thumbnail","6":"product_cat-nguyen-lieu-thuc-an-chan-nuoi","8":"first","9":"instock","10":"shipping-taxable","11":"purchasable","12":"product-type-simple"},"acf":[],"yoast_head":"<!-- This site is optimized with the Yoast SEO plugin v22.4 - https:\/\/yoast.com\/wordpress\/plugins\/seo\/ -->\n<title>B\u1ed9t X\u01b0\u01a1ng Th\u1ecbt - DTC FOOD<\/title>\n<meta name=\"robots\" content=\"noindex, follow, max-snippet:-1, max-image-preview:large, max-video-preview:-1\" \/>\n<meta property=\"og:locale\" content=\"en_US\" \/>\n<meta property=\"og:type\" content=\"article\" \/>\n<meta property=\"og:title\" content=\"B\u1ed9t X\u01b0\u01a1ng Th\u1ecbt - DTC FOOD\" \/>\n<meta property=\"og:description\" content=\"Trong th\u00e0nh ph\u1ea7n th\u1ee9c \u0103n ch\u0103n nu\u00f4i,\u00a0B\u1ed9t X\u01b0\u01a1ng Th\u1ecbt\u00a0l\u00e0 m\u1ed9t nguy\u00ean li\u1ec7u quan tr\u1ecdng \u0111\u1ec3 b\u1ed5 sung \u0111\u1ea1m c\u0169ng nh\u01b0 cung c\u1ea5p acid amin.\u00a0B\u1ed9t x\u01b0\u01a1ng th\u1ecbt\u00a0\u0111\u01b0\u1ee3c s\u1ea3n xu\u1ea5t t\u1eeb \u0111\u1ea1m t\u00e1i ch\u1ebf c\u1ee7a \u0111\u1ed9ng v\u1eadt, s\u1eed d\u1ee5ng c\u00e1c ph\u1ee5 ph\u1ea9m bao g\u1ed3m th\u1ecbt d\u01b0, c\u00e1c b\u1ed9 ph\u1eadn kh\u00f4ng \u0103n \u0111\u01b0\u1ee3c v\u00e0 x\u00e1c ch\u1ebft \u0111\u1ed9ng v\u1eadt [&hellip;]\" \/>\n<meta property=\"og:url\" content=\"https:\/\/dtcfeed.vn\/en\/product\/bot-xuong-thit\/\" \/>\n<meta property=\"og:site_name\" content=\"DTC FOOD\" \/>\n<meta property=\"article:modified_time\" content=\"2025-05-24T03:49:28+00:00\" \/>\n<meta property=\"og:image\" content=\"https:\/\/dtcfeed.vn\/wp-content\/uploads\/2024\/04\/ddgs-600x559-1.jpg\" \/>\n\t<meta property=\"og:image:width\" content=\"600\" \/>\n\t<meta property=\"og:image:height\" content=\"559\" \/>\n\t<meta property=\"og:image:type\" content=\"image\/jpeg\" \/>\n<meta name=\"twitter:card\" content=\"summary_large_image\" \/>\n<meta name=\"twitter:label1\" content=\"Est. reading time\" \/>\n\t<meta name=\"twitter:data1\" content=\"4 minutes\" \/>\n<script type=\"application\/ld+json\" class=\"yoast-schema-graph\">{\"@context\":\"https:\/\/schema.org\",\"@graph\":[{\"@type\":\"WebPage\",\"@id\":\"https:\/\/dtcfeed.vn\/san-pham\/bot-xuong-thit\/\",\"url\":\"https:\/\/dtcfeed.vn\/san-pham\/bot-xuong-thit\/\",\"name\":\"B\u1ed9t X\u01b0\u01a1ng Th\u1ecbt - DTC FOOD\",\"isPartOf\":{\"@id\":\"https:\/\/dtcfeed.vn\/vi\/#website\"},\"primaryImageOfPage\":{\"@id\":\"https:\/\/dtcfeed.vn\/san-pham\/bot-xuong-thit\/#primaryimage\"},\"image\":{\"@id\":\"https:\/\/dtcfeed.vn\/san-pham\/bot-xuong-thit\/#primaryimage\"},\"thumbnailUrl\":\"https:\/\/dtcfeed.vn\/wp-content\/uploads\/2024\/04\/ddgs-600x559-1.jpg\",\"datePublished\":\"2024-04-15T11:07:16+00:00\",\"dateModified\":\"2025-05-24T03:49:28+00:00\",\"breadcrumb\":{\"@id\":\"https:\/\/dtcfeed.vn\/san-pham\/bot-xuong-thit\/#breadcrumb\"},\"inLanguage\":\"en-US\",\"potentialAction\":[{\"@type\":\"ReadAction\",\"target\":[\"https:\/\/dtcfeed.vn\/san-pham\/bot-xuong-thit\/\"]}]},{\"@type\":\"ImageObject\",\"inLanguage\":\"en-US\",\"@id\":\"https:\/\/dtcfeed.vn\/san-pham\/bot-xuong-thit\/#primaryimage\",\"url\":\"https:\/\/dtcfeed.vn\/wp-content\/uploads\/2024\/04\/ddgs-600x559-1.jpg\",\"contentUrl\":\"https:\/\/dtcfeed.vn\/wp-content\/uploads\/2024\/04\/ddgs-600x559-1.jpg\",\"width\":600,\"height\":559},{\"@type\":\"BreadcrumbList\",\"@id\":\"https:\/\/dtcfeed.vn\/san-pham\/bot-xuong-thit\/#breadcrumb\",\"itemListElement\":[{\"@type\":\"ListItem\",\"position\":1,\"name\":\"Trang ch\u1ee7\",\"item\":\"https:\/\/dtcfeed.vn\/vi\/\"},{\"@type\":\"ListItem\",\"position\":2,\"name\":\"C\u1eeda h\u00e0ng\",\"item\":\"https:\/\/dtcfeed.vn\/vi\/cua-hang\/\"},{\"@type\":\"ListItem\",\"position\":3,\"name\":\"B\u1ed9t X\u01b0\u01a1ng Th\u1ecbt\"}]},{\"@type\":\"WebSite\",\"@id\":\"https:\/\/dtcfeed.vn\/vi\/#website\",\"url\":\"https:\/\/dtcfeed.vn\/vi\/\",\"name\":\"DTC FOOD\",\"description\":\"DTC Food Ph\u00e2n Ph\u1ed1i Nguy\u00ean Li\u1ec7u L\u00e0m Th\u1ee9c \u0102n Ch\u0103n Nu\u00f4i\",\"publisher\":{\"@id\":\"https:\/\/dtcfeed.vn\/vi\/#organization\"},\"potentialAction\":[{\"@type\":\"SearchAction\",\"target\":{\"@type\":\"EntryPoint\",\"urlTemplate\":\"https:\/\/dtcfeed.vn\/vi\/?s={search_term_string}\"},\"query-input\":\"required name=search_term_string\"}],\"inLanguage\":\"en-US\"},{\"@type\":\"Organization\",\"@id\":\"https:\/\/dtcfeed.vn\/vi\/#organization\",\"name\":\"DTC FOOD\",\"url\":\"https:\/\/dtcfeed.vn\/vi\/\",\"logo\":{\"@type\":\"ImageObject\",\"inLanguage\":\"en-US\",\"@id\":\"https:\/\/dtcfeed.vn\/vi\/#\/schema\/logo\/image\/\",\"url\":\"https:\/\/dtcfeed.vn\/wp-content\/uploads\/2024\/04\/logo-DTC-02-2.png\",\"contentUrl\":\"https:\/\/dtcfeed.vn\/wp-content\/uploads\/2024\/04\/logo-DTC-02-2.png\",\"width\":3509,\"height\":984,\"caption\":\"DTC FOOD\"},\"image\":{\"@id\":\"https:\/\/dtcfeed.vn\/vi\/#\/schema\/logo\/image\/\"}}]}<\/script>\n<!-- \/ Yoast SEO plugin. -->","yoast_head_json":{"title":"B\u1ed9t X\u01b0\u01a1ng Th\u1ecbt - DTC FOOD","robots":{"index":"noindex","follow":"follow","max-snippet":"max-snippet:-1","max-image-preview":"max-image-preview:large","max-video-preview":"max-video-preview:-1"},"og_locale":"en_US","og_type":"article","og_title":"B\u1ed9t X\u01b0\u01a1ng Th\u1ecbt - DTC FOOD","og_description":"Trong th\u00e0nh ph\u1ea7n th\u1ee9c \u0103n ch\u0103n nu\u00f4i,\u00a0B\u1ed9t X\u01b0\u01a1ng Th\u1ecbt\u00a0l\u00e0 m\u1ed9t nguy\u00ean li\u1ec7u quan tr\u1ecdng \u0111\u1ec3 b\u1ed5 sung \u0111\u1ea1m c\u0169ng nh\u01b0 cung c\u1ea5p acid amin.\u00a0B\u1ed9t x\u01b0\u01a1ng th\u1ecbt\u00a0\u0111\u01b0\u1ee3c s\u1ea3n xu\u1ea5t t\u1eeb \u0111\u1ea1m t\u00e1i ch\u1ebf c\u1ee7a \u0111\u1ed9ng v\u1eadt, s\u1eed d\u1ee5ng c\u00e1c ph\u1ee5 ph\u1ea9m bao g\u1ed3m th\u1ecbt d\u01b0, c\u00e1c b\u1ed9 ph\u1eadn kh\u00f4ng \u0103n \u0111\u01b0\u1ee3c v\u00e0 x\u00e1c ch\u1ebft \u0111\u1ed9ng v\u1eadt [&hellip;]","og_url":"https:\/\/dtcfeed.vn\/en\/product\/bot-xuong-thit\/","og_site_name":"DTC FOOD","article_modified_time":"2025-05-24T03:49:28+00:00","og_image":[{"width":600,"height":559,"url":"https:\/\/dtcfeed.vn\/wp-content\/uploads\/2024\/04\/ddgs-600x559-1.jpg","type":"image\/jpeg"}],"twitter_card":"summary_large_image","twitter_misc":{"Est. reading time":"4 minutes"},"schema":{"@context":"https:\/\/schema.org","@graph":[{"@type":"WebPage","@id":"https:\/\/dtcfeed.vn\/san-pham\/bot-xuong-thit\/","url":"https:\/\/dtcfeed.vn\/san-pham\/bot-xuong-thit\/","name":"B\u1ed9t X\u01b0\u01a1ng Th\u1ecbt - DTC FOOD","isPartOf":{"@id":"https:\/\/dtcfeed.vn\/vi\/#website"},"primaryImageOfPage":{"@id":"https:\/\/dtcfeed.vn\/san-pham\/bot-xuong-thit\/#primaryimage"},"image":{"@id":"https:\/\/dtcfeed.vn\/san-pham\/bot-xuong-thit\/#primaryimage"},"thumbnailUrl":"https:\/\/dtcfeed.vn\/wp-content\/uploads\/2024\/04\/ddgs-600x559-1.jpg","datePublished":"2024-04-15T11:07:16+00:00","dateModified":"2025-05-24T03:49:28+00:00","breadcrumb":{"@id":"https:\/\/dtcfeed.vn\/san-pham\/bot-xuong-thit\/#breadcrumb"},"inLanguage":"en-US","potentialAction":[{"@type":"ReadAction","target":["https:\/\/dtcfeed.vn\/san-pham\/bot-xuong-thit\/"]}]},{"@type":"ImageObject","inLanguage":"en-US","@id":"https:\/\/dtcfeed.vn\/san-pham\/bot-xuong-thit\/#primaryimage","url":"https:\/\/dtcfeed.vn\/wp-content\/uploads\/2024\/04\/ddgs-600x559-1.jpg","contentUrl":"https:\/\/dtcfeed.vn\/wp-content\/uploads\/2024\/04\/ddgs-600x559-1.jpg","width":600,"height":559},{"@type":"BreadcrumbList","@id":"https:\/\/dtcfeed.vn\/san-pham\/bot-xuong-thit\/#breadcrumb","itemListElement":[{"@type":"ListItem","position":1,"name":"Trang ch\u1ee7","item":"https:\/\/dtcfeed.vn\/vi\/"},{"@type":"ListItem","position":2,"name":"C\u1eeda h\u00e0ng","item":"https:\/\/dtcfeed.vn\/vi\/cua-hang\/"},{"@type":"ListItem","position":3,"name":"B\u1ed9t X\u01b0\u01a1ng Th\u1ecbt"}]},{"@type":"WebSite","@id":"https:\/\/dtcfeed.vn\/vi\/#website","url":"https:\/\/dtcfeed.vn\/vi\/","name":"DTC FOOD","description":"DTC Food Ph\u00e2n Ph\u1ed1i Nguy\u00ean Li\u1ec7u L\u00e0m Th\u1ee9c \u0102n Ch\u0103n Nu\u00f4i","publisher":{"@id":"https:\/\/dtcfeed.vn\/vi\/#organization"},"potentialAction":[{"@type":"SearchAction","target":{"@type":"EntryPoint","urlTemplate":"https:\/\/dtcfeed.vn\/vi\/?s={search_term_string}"},"query-input":"required name=search_term_string"}],"inLanguage":"en-US"},{"@type":"Organization","@id":"https:\/\/dtcfeed.vn\/vi\/#organization","name":"DTC FOOD","url":"https:\/\/dtcfeed.vn\/vi\/","logo":{"@type":"ImageObject","inLanguage":"en-US","@id":"https:\/\/dtcfeed.vn\/vi\/#\/schema\/logo\/image\/","url":"https:\/\/dtcfeed.vn\/wp-content\/uploads\/2024\/04\/logo-DTC-02-2.png","contentUrl":"https:\/\/dtcfeed.vn\/wp-content\/uploads\/2024\/04\/logo-DTC-02-2.png","width":3509,"height":984,"caption":"DTC FOOD"},"image":{"@id":"https:\/\/dtcfeed.vn\/vi\/#\/schema\/logo\/image\/"}}]}},"_links":{"self":[{"href":"https:\/\/dtcfeed.vn\/en\/wp-json\/wp\/v2\/product\/49","targetHints":{"allow":["GET"]}}],"collection":[{"href":"https:\/\/dtcfeed.vn\/en\/wp-json\/wp\/v2\/product"}],"about":[{"href":"https:\/\/dtcfeed.vn\/en\/wp-json\/wp\/v2\/types\/product"}],"replies":[{"embeddable":true,"href":"https:\/\/dtcfeed.vn\/en\/wp-json\/wp\/v2\/comments?post=49"}],"wp:featuredmedia":[{"embeddable":true,"href":"https:\/\/dtcfeed.vn\/en\/wp-json\/wp\/v2\/media\/57"}],"wp:attachment":[{"href":"https:\/\/dtcfeed.vn\/en\/wp-json\/wp\/v2\/media?parent=49"}],"wp:term":[{"taxonomy":"product_cat","embeddable":true,"href":"https:\/\/dtcfeed.vn\/en\/wp-json\/wp\/v2\/product_cat?post=49"},{"taxonomy":"product_tag","embeddable":true,"href":"https:\/\/dtcfeed.vn\/en\/wp-json\/wp\/v2\/product_tag?post=49"}],"curies":[{"name":"wp","href":"https:\/\/api.w.org\/{rel}","templated":true}]}}